{"id":1006,"date":"2021-07-14T20:04:19","date_gmt":"2021-07-14T17:04:19","guid":{"rendered":"https:\/\/childcarebyaupair.com\/?page_id=1006"},"modified":"2024-10-31T13:52:32","modified_gmt":"2024-10-31T10:52:32","slug":"kontakt","status":"publish","type":"page","link":"https:\/\/childcarebyaupair.com\/en\/kontakt\/","title":{"rendered":"Contact"},"content":{"rendered":"\n<h2 class=\"has-vivid-cyan-blue-color has-text-color has-large-font-size wp-block-heading\">Childcare by Aupair <\/h2>\n\n\n\n<p>Schreiber Nataliya <\/p>\n\n\n\n<p>Gewerbeberechtigung: Arbeitsvermittlung <\/p>\n\n\n\n<p>Mitglied der WKO<\/p>\n\n\n\n<p>T\u00e4tigkeitsbereich: <\/p>\n\n\n\n<p>Auswahl und Vermittlung sowie Betreuung von Aupair Kr\u00e4ften in In- und Ausland, sowie der Gastfamilien<\/p>\n\n\n\n<p><strong>ACHTUNG: Pers\u00f6nliche Termine nur nach vorheriger Vereinbarung!<\/strong><\/p>\n","protected":false},"excerpt":{"rendered":"<p>Childcare by Aupair Schreiber Nataliya Gewerbeberechtigung: Arbeitsvermittlung Mitglied der WKO T\u00e4tigkeitsbereich: Auswahl und Vermittlung sowie Betreuung von Aupair Kr\u00e4ften in In- und Ausland, sowie der Gastfamilien ACHTUNG: Pers\u00f6nliche Termine nur nach vorheriger Vereinbarung!<\/p>\n","protected":false},"author":2,"featured_media":0,"parent":0,"menu_order":0,"comment_status":"closed","ping_status":"closed","template":"page-contacts.php","meta":{"footnotes":""},"class_list":["post-1006","page","type-page","status-publish","hentry"],"yoast_head":"<!-- This site is optimized with the Yoast SEO plugin v27.0 - https:\/\/yoast.com\/product\/yoast-seo-wordpress\/ -->\n<title>Contact - Childcare by Aupair<\/title>\n<meta name=\"robots\" content=\"index, follow, max-snippet:-1, max-image-preview:large, max-video-preview:-1\" \/>\n<link rel=\"canonical\" href=\"https:\/\/childcarebyaupair.com\/en\/kontakt\/\" \/>\n<meta property=\"og:locale\" content=\"en_US\" \/>\n<meta property=\"og:type\" content=\"article\" \/>\n<meta property=\"og:title\" content=\"Contact - Childcare by Aupair\" \/>\n<meta property=\"og:description\" content=\"Childcare by Aupair Schreiber Nataliya Gewerbeberechtigung: Arbeitsvermittlung Mitglied der WKO T\u00e4tigkeitsbereich: Auswahl und Vermittlung sowie Betreuung von Aupair Kr\u00e4ften in In- und Ausland, sowie der Gastfamilien ACHTUNG: Pers\u00f6nliche Termine nur nach vorheriger Vereinbarung!\" \/>\n<meta property=\"og:url\" content=\"https:\/\/childcarebyaupair.com\/en\/kontakt\/\" \/>\n<meta property=\"og:site_name\" content=\"Childcare by Aupair\" \/>\n<meta property=\"article:modified_time\" content=\"2024-10-31T10:52:32+00:00\" \/>\n<meta name=\"twitter:card\" content=\"summary_large_image\" \/>\n<meta name=\"twitter:label1\" content=\"Est. reading time\" \/>\n\t<meta name=\"twitter:data1\" content=\"1 minute\" \/>\n<script type=\"application\/ld+json\" class=\"yoast-schema-graph\">{\"@context\":\"https:\/\/schema.org\",\"@graph\":[{\"@type\":\"WebPage\",\"@id\":\"https:\/\/childcarebyaupair.com\/en\/kontakt\/\",\"url\":\"https:\/\/childcarebyaupair.com\/en\/kontakt\/\",\"name\":\"Contact - Childcare by Aupair\",\"isPartOf\":{\"@id\":\"https:\/\/childcarebyaupair.com\/ru\/#website\"},\"datePublished\":\"2021-07-14T17:04:19+00:00\",\"dateModified\":\"2024-10-31T10:52:32+00:00\",\"breadcrumb\":{\"@id\":\"https:\/\/childcarebyaupair.com\/en\/kontakt\/#breadcrumb\"},\"inLanguage\":\"en-US\",\"potentialAction\":[{\"@type\":\"ReadAction\",\"target\":[\"https:\/\/childcarebyaupair.com\/en\/kontakt\/\"]}]},{\"@type\":\"BreadcrumbList\",\"@id\":\"https:\/\/childcarebyaupair.com\/en\/kontakt\/#breadcrumb\",\"itemListElement\":[{\"@type\":\"ListItem\",\"position\":1,\"name\":\"Hauptseite\",\"item\":\"https:\/\/childcarebyaupair.com\/en\/\"},{\"@type\":\"ListItem\",\"position\":2,\"name\":\"Contact\"}]},{\"@type\":\"WebSite\",\"@id\":\"https:\/\/childcarebyaupair.com\/ru\/#website\",\"url\":\"https:\/\/childcarebyaupair.com\/ru\/\",\"name\":\"Childcare by Aupair\",\"description\":\"\",\"potentialAction\":[{\"@type\":\"SearchAction\",\"target\":{\"@type\":\"EntryPoint\",\"urlTemplate\":\"https:\/\/childcarebyaupair.com\/ru\/?s={search_term_string}\"},\"query-input\":{\"@type\":\"PropertyValueSpecification\",\"valueRequired\":true,\"valueName\":\"search_term_string\"}}],\"inLanguage\":\"en-US\"}]}<\/script>\n<!-- \/ Yoast SEO plugin. -->","yoast_head_json":{"title":"Contact - Childcare by Aupair","robots":{"index":"index","follow":"follow","max-snippet":"max-snippet:-1","max-image-preview":"max-image-preview:large","max-video-preview":"max-video-preview:-1"},"canonical":"https:\/\/childcarebyaupair.com\/en\/kontakt\/","og_locale":"en_US","og_type":"article","og_title":"Contact - Childcare by Aupair","og_description":"Childcare by Aupair Schreiber Nataliya Gewerbeberechtigung: Arbeitsvermittlung Mitglied der WKO T\u00e4tigkeitsbereich: Auswahl und Vermittlung sowie Betreuung von Aupair Kr\u00e4ften in In- und Ausland, sowie der Gastfamilien ACHTUNG: Pers\u00f6nliche Termine nur nach vorheriger Vereinbarung!","og_url":"https:\/\/childcarebyaupair.com\/en\/kontakt\/","og_site_name":"Childcare by Aupair","article_modified_time":"2024-10-31T10:52:32+00:00","twitter_card":"summary_large_image","twitter_misc":{"Est. reading time":"1 minute"},"schema":{"@context":"https:\/\/schema.org","@graph":[{"@type":"WebPage","@id":"https:\/\/childcarebyaupair.com\/en\/kontakt\/","url":"https:\/\/childcarebyaupair.com\/en\/kontakt\/","name":"Contact - Childcare by Aupair","isPartOf":{"@id":"https:\/\/childcarebyaupair.com\/ru\/#website"},"datePublished":"2021-07-14T17:04:19+00:00","dateModified":"2024-10-31T10:52:32+00:00","breadcrumb":{"@id":"https:\/\/childcarebyaupair.com\/en\/kontakt\/#breadcrumb"},"inLanguage":"en-US","potentialAction":[{"@type":"ReadAction","target":["https:\/\/childcarebyaupair.com\/en\/kontakt\/"]}]},{"@type":"BreadcrumbList","@id":"https:\/\/childcarebyaupair.com\/en\/kontakt\/#breadcrumb","itemListElement":[{"@type":"ListItem","position":1,"name":"Hauptseite","item":"https:\/\/childcarebyaupair.com\/en\/"},{"@type":"ListItem","position":2,"name":"Contact"}]},{"@type":"WebSite","@id":"https:\/\/childcarebyaupair.com\/ru\/#website","url":"https:\/\/childcarebyaupair.com\/ru\/","name":"Childcare by Aupair","description":"","potentialAction":[{"@type":"SearchAction","target":{"@type":"EntryPoint","urlTemplate":"https:\/\/childcarebyaupair.com\/ru\/?s={search_term_string}"},"query-input":{"@type":"PropertyValueSpecification","valueRequired":true,"valueName":"search_term_string"}}],"inLanguage":"en-US"}]}},"_links":{"self":[{"href":"https:\/\/childcarebyaupair.com\/en\/wp-json\/wp\/v2\/pages\/1006","targetHints":{"allow":["GET"]}}],"collection":[{"href":"https:\/\/childcarebyaupair.com\/en\/wp-json\/wp\/v2\/pages"}],"about":[{"href":"https:\/\/childcarebyaupair.com\/en\/wp-json\/wp\/v2\/types\/page"}],"author":[{"embeddable":true,"href":"https:\/\/childcarebyaupair.com\/en\/wp-json\/wp\/v2\/users\/2"}],"replies":[{"embeddable":true,"href":"https:\/\/childcarebyaupair.com\/en\/wp-json\/wp\/v2\/comments?post=1006"}],"version-history":[{"count":10,"href":"https:\/\/childcarebyaupair.com\/en\/wp-json\/wp\/v2\/pages\/1006\/revisions"}],"predecessor-version":[{"id":2366,"href":"https:\/\/childcarebyaupair.com\/en\/wp-json\/wp\/v2\/pages\/1006\/revisions\/2366"}],"wp:attachment":[{"href":"https:\/\/childcarebyaupair.com\/en\/wp-json\/wp\/v2\/media?parent=1006"}],"curies":[{"name":"wp","href":"https:\/\/api.w.org\/{rel}","templated":true}]}}