{"id":1118,"date":"2021-07-27T10:15:42","date_gmt":"2021-07-27T07:15:42","guid":{"rendered":"https:\/\/childcarebyaupair.com\/?page_id=1118"},"modified":"2021-07-29T21:09:15","modified_gmt":"2021-07-29T18:09:15","slug":"cookie","status":"publish","type":"page","link":"https:\/\/childcarebyaupair.com\/en\/cookie\/","title":{"rendered":"Verwendung von Speichertechniken"},"content":{"rendered":"\n<p><strong>Cookies<\/strong><\/p>\n\n\n\n<p>Bei \u201eCookies\u201c handelt es sich um kleine Dateien, die Ihr Browser automatisch erstellt und die auf Ihrem Endger\u00e4t (Laptop, Tablet, Smartphone, etc.) gespeichert werden. Cookies k\u00f6nnen nach derzeitigem Wissensstand keine Viren, Trojaner oder sonstige Schadsoftware enthalten.<\/p>\n\n\n\n<p>In Cookies werden Informationen abgelegt, die sich jeweils im Zusammenhang mit dem spezifisch eingesetzten Endger\u00e4t ergeben. Dies bedeutet nicht, dass wir dadurch unmittelbar Kenntnis von Ihrer Identit\u00e4t erhalten. Der Einsatz von Cookies dient dazu, die Nutzung unseres Angebots f\u00fcr Sie angenehmer zu gestalten. Dabei lassen sich folgende Arten von Cookies unterscheiden.<\/p>\n\n\n\n<p>Unbedingt notwendige Cookies werden f\u00fcr den Betrieb einer Webseite ben\u00f6tigt und sind unerl\u00e4sslich, um auf dieser zu navigieren und deren Funktionen zu nutzen. Diese Cookies werden nicht dauerhaft auf Ihrem Computer oder Ger\u00e4t gespeichert und werden gel\u00f6scht, wenn Sie den Browser schlie\u00dfen (Sitzungs-Cookies).&nbsp;<\/p>\n\n\n\n<p>Statistische, analytische und Performance-Cookies erm\u00f6glichen es, die Anzahl der Besucher und Traffic-Quellen zu erfassen und zu z\u00e4hlen, um die Leistung der Website zu messen und zu verbessern. Sie dienen auch dazu herauszufinden, ob bei bestimmten Seiten Probleme oder Fehler auftreten, welche Seiten am beliebtesten sind und wie Besucher auf der Website navigieren. Analytische \/ Performance-Cookies nach einer definierten Vorhaltezeit gel\u00f6scht.<\/p>\n\n\n\n<p>Tracking-Cookies werden dazu benutzt die Besuche und einzelne Aktivit\u00e4ten auf Webseiten nachverfolgen. Sie dienen dazu, die Nutzung von Webseiten statistisch zu erfassen und auszuwerten. Diese Cookies werden nach einer jeweils definierten Zeit automatisch gel\u00f6scht.<\/p>\n\n\n\n<p>\u200b<strong>Lokaler Speicher, Webspeicher<\/strong><\/p>\n\n\n\n<p>Neben Cookies gibt es weitere M\u00f6glichkeiten, Daten auf Ihrem Endger\u00e4t zu speichern. Lokaler Speicher und Webspeicher werden vom jeweiligen Browser in internen Datenbank abgespeichert, welche eine effizientere Verarbeitung der Daten erm\u00f6glicht. Diese Arten von Speicher dienen den gleichen Zwecken wie Cookies, weswegen hier auf das entsprechende Kapitel verwiesen wird.<\/p>\n\n\n\n<p>\u200bAuf Ihrem Endger\u00e4t gespeicherte Informationen<\/p>\n\n\n\n<p>Derzeit setzen wir folgende Cookies zu folgenden Zwecken auf unserer Webseite ein:<\/p>\n\n\n\n<p>\u200b\u200b<\/p>\n\n\n\n<figure class=\"wp-block-table\"><table><thead><tr><td>Bezeichnung<\/td><td>Zweck<\/td><td>Ablaufdatum<\/td><\/tr><\/thead><tbody><tr><td>Notwendige (7)<\/td><td><br><\/td><td><br><\/td><\/tr><tr><td>XSRF-TOKEN<\/td><td>Wird aus Sicherheitsgr\u00fcnden verwendet<\/td><td>Sitzung<\/td><\/tr><tr><td>svSession<\/td><td>Wird in Verbindung mit der Nutzeranmeldung verwendet<\/td><td>2 Jahre<\/td><\/tr><tr><td>hs<\/td><td>Wird aus Sicherheitsgr\u00fcnden verwendet<\/td><td>Sitzung<\/td><\/tr><tr><td>bSession<\/td><td>Wird f\u00fcr die Messung der Systemeffektivit\u00e4t verwendet<\/td><td>30 Minuten<\/td><\/tr><tr><td>SSR-caching<\/td><td>Gibt an, wie eine Website gerendert wurde.<\/td><td>1 Minute<\/td><\/tr><tr><td>consent-policy<\/td><td>Wird f\u00fcr die Parameter der Cookie-Banner verwendet<\/td><td>12 Monate<\/td><\/tr><tr><td>TS01e85bed<\/td><td>Das Cookie dient dem Schutz unserer Internetseite. Das Cookie dient dazu Schutzma\u00dfnahmen gegen SPAM \/ Botangriffe vorzunehmen und zu verhindern.<\/td><td>Sitzung<\/td><\/tr><tr><td>Performance (3)<\/td><td><br><\/td><td><br><\/td><\/tr><tr><td>_ga<\/td><td>Registriert eine eindeutige ID, die verwendet wird, um statistische Daten dazu, wie der Besucher die Website nutzt, zu generieren.<\/td><td>2 Jahre<\/td><\/tr><tr><td>_gid<\/td><td>Mit den Google Analytics-Daten lassen sich eindeutige Benutzer und Aktualisierungsraten anonym unterscheiden. Die ausf\u00fchrliche Datenschutzrichtlinie finden Sie hier: www.google.com\/intl\/en\/analytics\/privacyoverview.html<\/td><td>1 Tag<\/td><\/tr><tr><td>___cfduid<\/td><td>Wird vom Content-Netzwerk Cloudflare zur Identifizierung von vertrauensw\u00fcrdigem Datenverkehr genutzt.<\/td><td>2 Tage<\/td><\/tr><\/tbody><\/table><\/figure>\n\n\n\n<p>Die durch notwendige Cookies verarbeiteten Daten sind f\u00fcr die genannten Zwecke zur Wahrung unserer berechtigten Interessen nach Art. 6 Abs. 1 S. 1 lit. f DSGVO erforderlich.<\/p>\n\n\n\n<p>Eine Verarbeitung personenbezogener Daten durch Statistik- und Marketingcookies darf f\u00fcr die genannten Zwecke nur mit Ihrer Einwilligung nach Art. 6 Abs. 1 S. 1 lit. a DSGVO erfolgen.<\/p>\n\n\n\n<p>Sie haben \u00fcber ihren Browser die M\u00f6glichkeit, sich die auf Ihrem Rechner vorhandenen Cookies anzeigen zu lassen, die vorhandenen Cookies zu l\u00f6schen oder die Konfiguration so einzurichten, dass nicht alle oder gar keine Cookies mehr gespeichert werden. Bitte beachten Sie, dass einige Funktionen nicht oder nicht richtig funktionieren, wenn Sie das Setzen von Cookies deaktivieren.<\/p>\n\n\n\n<p>\u200b<strong>Einzelne Dienste<\/strong><\/p>\n\n\n\n<p>Die aufgef\u00fchrten und von uns eingesetzten Ma\u00dfnahmen werden auf Grundlage des Art. 6 Abs. 1 S.&nbsp;1 lit. f DSGVO durchgef\u00fchrt. Mit den zum Einsatz kommenden Ma\u00dfnahmen wollen wir eine bedarfsgerechte Gestaltung und die fortlaufende Optimierung unserer Webseite sicherstellen. Zum anderen setzen wir die Ma\u00dfnahmen ein, um die Nutzung unserer Webseite statistisch zu erfassen und zum Zwecke der Optimierung unseres Angebotes f\u00fcr Sie auszuwerten. Diese Interessen sind als berechtigt im Sinne der vorgenannten Vorschrift anzusehen.<\/p>\n\n\n\n<p>Die jeweiligen Datenverarbeitungszwecke und Datenkategorien sind aus den entsprechenden Tools zu entnehmen.<\/p>\n\n\n\n<p>Tracking<\/p>\n\n\n\n<p>Google Analytics<\/p>\n\n\n\n<p>Zum Zwecke der bedarfsgerechten Gestaltung und fortlaufenden Optimierung unserer Seiten nutzen wir Google Analytics, ein Webanalysedienst der Google Inc.&nbsp;(<a href=\"https:\/\/www.google.de\/intl\/de\/about\/)\" target=\"_blank\" rel=\"noreferrer noopener\">https:\/\/www.google.de\/intl\/de\/about\/)<\/a>&nbsp;(1600 Amphitheatre Parkway, Mountain View, CA 94043, USA; im Folgenden \u201eGoogle\u201c).&nbsp;In diesem Zusammenhang werden pseudonymisierte Nutzungsprofile erstellt und Cookies (siehe unter Ziff. 4) verwendet. Die durch den Cookie erzeugten Informationen \u00fcber Ihre Benutzung dieser Website wie<\/p>\n\n\n\n<p>\u2022 Browser-Typ\/-Version,<\/p>\n\n\n\n<p>\u2022 verwendetes Betriebssystem,<\/p>\n\n\n\n<p>\u2022 Referrer-URL (die zuvor besuchte Seite),<\/p>\n\n\n\n<p>\u2022 Hostname des zugreifenden Rechners (IP-Adresse),<\/p>\n\n\n\n<p>\u2022 Uhrzeit der Serveranfrage,<\/p>\n\n\n\n<p>werden an einen Server von Google in den USA \u00fcbertragen und dort gespeichert. Die Informationen werden verwendet, um die Nutzung der Website auszuwerten, um Reports \u00fcber die Websiteaktivit\u00e4ten zusammenzustellen und um weitere mit der Websitenutzung und der Internetnutzung verbundene Dienstleistungen zu Zwecken der Marktforschung und bedarfsgerechten Gestaltung dieser Internetseiten zu erbringen. Auch werden diese Informationen gegebenenfalls an Dritte \u00fcbertragen, sofern dies gesetzlich vorgeschrieben ist oder soweit Dritte diese Daten im Auftrag verarbeiten. Es wird in keinem Fall Ihre IP-Adresse mit anderen Daten von Google zusammengef\u00fchrt. Die IP-Adressen werden anonymisiert, so dass eine Zuordnung nicht m\u00f6glich ist (IP-Masking).<\/p>\n\n\n\n<p>Sie k\u00f6nnen die Installation der Cookies durch eine entsprechende Einstellung der Browser-Software verhindern; wir weisen jedoch darauf hin, dass in diesem Fall gegebenenfalls nicht s\u00e4mtliche Funktionen dieser Website vollumf\u00e4nglich genutzt werden k\u00f6nnen.<\/p>\n\n\n\n<p>Sie k\u00f6nnen dar\u00fcber hinaus die Erfassung der durch das Cookie erzeugten und auf Ihre Nutzung der Website bezogenen Daten (inkl. Ihrer IP-Adresse) sowie die Verarbeitung dieser Daten durch Google verhindern, indem Sie ein Browser-Add-on herunterladen und installieren (<a href=\"https:\/\/tools.google.com\/dlpage\/gaoptout?hl=de\" target=\"_blank\" rel=\"noreferrer noopener\">https:\/\/tools.google.com\/dlpage\/gaoptout?hl=de<\/a>).<\/p>\n\n\n\n<p>Alternativ zum Browser-Add-on, insbesondere bei Browsern auf mobilen Endger\u00e4ten, k\u00f6nnen Sie die Erfassung durch Google Analytics zudem verhindern, indem Sie auf diesen Link klicken. Es wird ein Opt-out-Cookie gesetzt, das die zuk\u00fcnftige Erfassung Ihrer Daten beim Besuch dieser Website verhindert. Der Opt-out-Cookie gilt nur in diesem Browser und nur f\u00fcr unsere Website und wird auf Ihrem Ger\u00e4t abgelegt. L\u00f6schen Sie die Cookies in diesem Browser, m\u00fcssen Sie das Opt-out-Cookie erneut setzen.<\/p>\n\n\n\n<p>Weitere Informationen zum Datenschutz im Zusammenhang mit Google Analytics finden Sie etwa in der Google Analytics-Hilfe (<a href=\"https:\/\/support.google.com\/analytics\/answer\/6004245?hl=de\">https:\/\/support.google.com\/analytics\/answer\/6004245?hl=de<\/a>).<\/p>\n\n\n\n<p>Google AJAX Search API&nbsp;<\/p>\n\n\n\n<p>Unsere Webseiten nutzen Google AJAX Search API mittels Java-Script. Bei Verwendung des Suchfelds auf dieser Webseite werden damit Daten an Google weitergeben, bspw. der von Ihnen angegebene Suchbegriff und Ihre IP-Adresse.&nbsp;<\/p>\n\n\n\n<p>F\u00fcr diesen Dienst gelten die Datenschutzbestimmungen von Google (<a href=\"https:\/\/www.google.com\/intl\/de_de\/policies\/privacy\/\" target=\"_blank\" rel=\"noreferrer noopener\">https:\/\/www.google.com\/intl\/de_de\/policies\/privacy\/<\/a>).<\/p>\n\n\n\n<p>&nbsp;Um die Ausf\u00fchrung vom eingesetzten Java-Script Code selektiv zu verhindern, k\u00f6nnen Sie einen Java-Script-Blocker installieren oder alternativ in Ihren Browser-Einstellungen die Ausf\u00fchrung von Java-Script vollst\u00e4ndig deaktivieren.<\/p>\n\n\n\n<p>Empf\u00e4nger der Daten: Google LLC, 1600 Amphitheatre Parkway, Mountain View, CA 94043, USA<\/p>\n\n\n\n<p>DoubleClick<\/p>\n\n\n\n<p>Doubleclick by Google ist eine Dienstleistung von Google Inc., 1600 Amphitheatre Parkway, Mountain View, CA 94043, USA (\u201eGoogle\u201c).&nbsp;Doubleclick by Google verwendet Cookies um Ihnen f\u00fcr Sie relevante Werbeanzeigen zu pr\u00e4sentieren. Dabei wird Ihrem Browser eine pseudonyme Identifikationsnummer (ID) zugeordnet, um zu \u00fcberpr\u00fcfen, welche Anzeigen in Ihrem Browser eingeblendet wurden und welche Anzeigen aufgerufen wurden. Die Cookies enthalten keine personenbezogenen Informationen.&nbsp;<\/p>\n\n\n\n<p>Die Verwendung der DoubleClick-Cookies erm\u00f6glicht Google und seinen Partner-Webseiten lediglich die Schaltung von Anzeigen auf Basis vorheriger Besuche auf unserer oder anderen Webseiten im Internet. Die durch die Cookies erzeugten Informationen werden von Google zur Auswertung an einen Server in den USA \u00fcbertragen und dort gespeichert. Eine \u00dcbertragung der Daten durch Google an Dritte findet nur aufgrund gesetzlicher Vorschriften oder im Rahmen der Auftragsdatenverarbeitung statt. Keinesfalls wird Google ihre Daten mit anderen von Google erfassten Daten zusammenbringen.Durch die Nutzung unserer Webseiten erkl\u00e4ren Sie sich mit der Bearbeitung der \u00fcber Sie erhobenen Daten durch Google und der zuvor beschriebenen Art und Weise der Datenverarbeitung sowie dem benannten Zweck einverstanden.&nbsp;<\/p>\n\n\n\n<p>Sie k\u00f6nnen die Speicherung der Cookies durch eine entsprechende Einstellung Ihrer Browser-Software verhindern; wir weisen Sie jedoch darauf hin, dass Sie in diesem Fall gegebenenfalls nicht s\u00e4mtliche Funktionen unserer Webseiten vollumf\u00e4nglich werden nutzen k\u00f6nnen.&nbsp;<\/p>\n\n\n\n<p>&nbsp;Sie k\u00f6nnen dar\u00fcber hinaus die Erfassung der durch die Cookies erzeugten und auf Ihre Nutzung der Webseiten bezogenen Daten an Google sowie die Verarbeitung dieser Daten durch Google verhindern, indem sie das unter dem Link (<a href=\"https:\/\/www.google.com\/settings\/ads\/onweb\/)\" target=\"_blank\" rel=\"noreferrer noopener\">https:\/\/www.google.com\/settings\/ads\/onweb\/)<\/a>&nbsp;unter dem Punkt DoubleClick-Deaktivierungserweiterung verf\u00fcgbare Browser-Plugin herunterladen und installieren.<\/p>\n\n\n\n<p>New Relic<\/p>\n\n\n\n<p>Wir setzen auf Grundlage unserer berechtigten Interessen (d.h. Interesse an der Analyse, Optimierung und wirtschaftlichem Betrieb unseres Onlineangebotes im Sinne des Art. 6 Abs. 1 lit. f. DSGVO) New Relic, einen Webanalysedienst der New Relic Inc. (\u201eNew Relic\u201c) ein. New Relic verwendet Cookies. Die durch das Cookie erzeugten Informationen \u00fcber Benutzung des Onlineangebotes durch die Nutzer werden in der Regel an einen Server von New Relic in den USA \u00fcbertragen und dort gespeichert.<\/p>\n\n\n\n<p>New Relic wird diese Informationen in unserem Auftrag benutzen, um die Nutzung unseres Onlineangebotes durch die Nutzer auszuwerten, um Reports \u00fcber die Aktivit\u00e4ten innerhalb dieses Onlineangebotes zusammenzustellen und um weitere, mit der Nutzung dieses Onlineangebotes und der Internetnutzung verbundene Dienstleistungen, uns gegen\u00fcber zu erbringen. Dabei k\u00f6nnen aus den verarbeiteten Daten pseudonyme Nutzungsprofile der Nutzer erstellt werden.<\/p>\n\n\n\n<p>Wir setzen New Relic nur mit aktivierter IP-Anonymisierung ein. Das bedeutet, die IP-Adresse der Nutzer wird von New Relic innerhalb von Mitgliedstaaten der Europ\u00e4ischen Union oder in anderen Vertragsstaaten des Abkommens \u00fcber den Europ\u00e4ischen Wirtschaftsraum gek\u00fcrzt. Nur in Ausnahmef\u00e4llen wird die volle IP-Adresse an einen Server von New Relic in den USA \u00fcbertragen und dort gek\u00fcrzt.<\/p>\n\n\n\n<p>Die von dem Browser des Nutzers \u00fcbermittelte IP-Adresse wird nicht mit anderen Daten von New Relic zusammengef\u00fchrt. Die Nutzer k\u00f6nnen die Speicherung der Cookies durch eine entsprechende Einstellung ihrer Browser-Software verhindern.<\/p>\n\n\n\n<p>Weitere Informationen zur Datennutzung durch New Relic, Einstellungs- und Widerspruchsm\u00f6glichkeiten, erfahren Sie in der Datenschutzerkl\u00e4rung von New Relic (<a href=\"https:\/\/newrelic.com\/termsandconditions\/privacy)\" target=\"_blank\" rel=\"noreferrer noopener\">https:\/\/newrelic.com\/termsandconditions\/privacy)<\/a>&nbsp;sowie unter(<a href=\"https:\/\/newrelic.com\/termsandconditions\/cookie-policy).\" target=\"_blank\" rel=\"noreferrer noopener\">https:\/\/newrelic.com\/termsandconditions\/cookie-policy).<\/a><\/p>\n\n\n\n<p>Facebook Remarketing<\/p>\n\n\n\n<p>Auf unserer Website setzen wir in gemeinsamer Verantwortung mit Facebook&nbsp; die Remarketing- oder Custom-Audience-Funktion ein. Diese Funktion dient dazu, Nutzern unserer Website beim Besuch des sozialen Netzwerks Facebook interessenbezogene Werbung anzuzeigen.&nbsp; Dazu haben wir auf dieser Website das Facebook-Pixel implementiert. \u00dcber dieses Pixel wird beim Besuch unserer Website eine Verbindung zu den Facebook-Servern hergestellt. Dabei wird an Facebook \u00fcbermittelt, dass Sie unsere Website besucht haben und welche Webseiten aufgerufen wurden. Facebook ordnet diese Information Ihrem Facebook-Konto zu.<\/p>\n\n\n\n<p>\u200b<\/p>\n\n\n\n<p>Das Facebook-Pixel erm\u00f6glicht uns die Messung, Auswertung und Optimierung der Wirksamkeit von Facebook-Werbeanzeigen f\u00fcr statistische Zwecke und Zwecke der Marktforschung. Au\u00dferdem werden dadurch die Besuche der verschiedenen Webseiten nachvollziehbar (sog. Customer Journey). Wir erhalten von Facebook ausschlie\u00dflich Berichte in anonymisierter Form. Das hei\u00dft, wir erhalten keine personenbezogenen Daten einzelner Nutzer.<\/p>\n\n\n\n<p>\u200b<\/p>\n\n\n\n<p>N\u00e4here Informationen zur Erhebung und Nutzung der Daten durch Facebook sowie \u00fcber Ihre diesbez\u00fcglichen Rechte und M\u00f6glichkeiten zum Schutz Ihrer Privatsph\u00e4re finden Sie in den Datenschutzhinweisen von Facebook.<\/p>\n\n\n\n<p>\u200bPersonenbezogene Daten der Website-Besucher speichern wir nicht. Nutzen Sie Facebook, nachdem Sie auf unserer Website waren, werden Ihnen Werbeeinblendungen von uns angezeigt. Mit hoher Wahrscheinlichkeit gehen diese auf zuvor aufgerufene Produkt- und Informationsseiten zur\u00fcck.<\/p>\n\n\n\n<p>Gemeinsam mit uns verantwortlich ist Facebook&nbsp;.<\/p>\n\n\n\n<p>\u200bGoogle Maps<\/p>\n\n\n\n<p>Diese Webseite verwendet die Google Maps API, um geographische Informationen visuell darzustellen. Bei der Nutzung von Google Maps werden von Google auch Daten \u00fcber die Nutzung der Kartenfunktionen durch Besucher erhoben, verarbeitet und genutzt. N\u00e4here Informationen \u00fcber die Datenverarbeitung durch Google k\u00f6nnen Sie den Google-Datenschutzhinweisen entnehmen. Dort k\u00f6nnen Sie im Datenschutzcenter auch Ihre pers\u00f6nlichen Datenschutz-Einstellungen ver\u00e4ndern.<\/p>\n\n\n\n<p>\u200bAusf\u00fchrliche Anleitungen zur Verwaltung der eigenen Daten im Zusammenhang mit Google-Produkten finden Sie hier:&nbsp;<a href=\"https:\/\/support.google.com\/accounts\/answer\/3024190\" target=\"_blank\" rel=\"noreferrer noopener\">https:\/\/support.google.com\/accounts\/answer\/3024190<\/a>.<\/p>\n","protected":false},"excerpt":{"rendered":"<p>Cookies Bei \u201eCookies\u201c handelt es sich um kleine Dateien, die Ihr Browser automatisch erstellt und die auf Ihrem Endger\u00e4t (Laptop, Tablet, Smartphone, etc.) gespeichert werden. Cookies k\u00f6nnen nach derzeitigem Wissensstand keine Viren, Trojaner oder sonstige Schadsoftware enthalten. In Cookies werden Informationen abgelegt, die sich jeweils im Zusammenhang mit dem spezifisch eingesetzten Endger\u00e4t ergeben. Dies bedeutet [&hellip;]<\/p>\n","protected":false},"author":2,"featured_media":1925,"parent":0,"menu_order":0,"comment_status":"closed","ping_status":"closed","template":"","meta":{"footnotes":""},"class_list":["post-1118","page","type-page","status-publish","has-post-thumbnail","hentry"],"yoast_head":"<!-- This site is optimized with the Yoast SEO plugin v27.0 - https:\/\/yoast.com\/product\/yoast-seo-wordpress\/ -->\n<title>Verwendung von Speichertechniken - Childcare by Aupair<\/title>\n<meta name=\"robots\" content=\"index, follow, max-snippet:-1, max-image-preview:large, max-video-preview:-1\" \/>\n<link rel=\"canonical\" href=\"https:\/\/childcarebyaupair.com\/en\/cookie\/\" \/>\n<meta property=\"og:locale\" content=\"en_US\" \/>\n<meta property=\"og:type\" content=\"article\" \/>\n<meta property=\"og:title\" content=\"Verwendung von Speichertechniken - Childcare by Aupair\" \/>\n<meta property=\"og:description\" content=\"Cookies Bei \u201eCookies\u201c handelt es sich um kleine Dateien, die Ihr Browser automatisch erstellt und die auf Ihrem Endger\u00e4t (Laptop, Tablet, Smartphone, etc.) gespeichert werden. Cookies k\u00f6nnen nach derzeitigem Wissensstand keine Viren, Trojaner oder sonstige Schadsoftware enthalten. In Cookies werden Informationen abgelegt, die sich jeweils im Zusammenhang mit dem spezifisch eingesetzten Endger\u00e4t ergeben. Dies bedeutet [&hellip;]\" \/>\n<meta property=\"og:url\" content=\"https:\/\/childcarebyaupair.com\/en\/cookie\/\" \/>\n<meta property=\"og:site_name\" content=\"Childcare by Aupair\" \/>\n<meta property=\"article:modified_time\" content=\"2021-07-29T18:09:15+00:00\" \/>\n<meta property=\"og:image\" content=\"https:\/\/childcarebyaupair.com\/wp-content\/uploads\/2021\/08\/594171068-2.jpg\" \/>\n\t<meta property=\"og:image:width\" content=\"2500\" \/>\n\t<meta property=\"og:image:height\" content=\"1669\" \/>\n\t<meta property=\"og:image:type\" content=\"image\/jpeg\" \/>\n<meta name=\"twitter:card\" content=\"summary_large_image\" \/>\n<meta name=\"twitter:label1\" content=\"Est. reading time\" \/>\n\t<meta name=\"twitter:data1\" content=\"8 minutes\" \/>\n<script type=\"application\/ld+json\" class=\"yoast-schema-graph\">{\"@context\":\"https:\/\/schema.org\",\"@graph\":[{\"@type\":\"WebPage\",\"@id\":\"https:\/\/childcarebyaupair.com\/en\/cookie\/\",\"url\":\"https:\/\/childcarebyaupair.com\/en\/cookie\/\",\"name\":\"Verwendung von Speichertechniken - Childcare by Aupair\",\"isPartOf\":{\"@id\":\"https:\/\/childcarebyaupair.com\/ru\/#website\"},\"primaryImageOfPage\":{\"@id\":\"https:\/\/childcarebyaupair.com\/en\/cookie\/#primaryimage\"},\"image\":{\"@id\":\"https:\/\/childcarebyaupair.com\/en\/cookie\/#primaryimage\"},\"thumbnailUrl\":\"https:\/\/childcarebyaupair.com\/wp-content\/uploads\/2021\/08\/594171068-2.jpg\",\"datePublished\":\"2021-07-27T07:15:42+00:00\",\"dateModified\":\"2021-07-29T18:09:15+00:00\",\"breadcrumb\":{\"@id\":\"https:\/\/childcarebyaupair.com\/en\/cookie\/#breadcrumb\"},\"inLanguage\":\"en-US\",\"potentialAction\":[{\"@type\":\"ReadAction\",\"target\":[\"https:\/\/childcarebyaupair.com\/en\/cookie\/\"]}]},{\"@type\":\"ImageObject\",\"inLanguage\":\"en-US\",\"@id\":\"https:\/\/childcarebyaupair.com\/en\/cookie\/#primaryimage\",\"url\":\"https:\/\/childcarebyaupair.com\/wp-content\/uploads\/2021\/08\/594171068-2.jpg\",\"contentUrl\":\"https:\/\/childcarebyaupair.com\/wp-content\/uploads\/2021\/08\/594171068-2.jpg\",\"width\":2500,\"height\":1669},{\"@type\":\"BreadcrumbList\",\"@id\":\"https:\/\/childcarebyaupair.com\/en\/cookie\/#breadcrumb\",\"itemListElement\":[{\"@type\":\"ListItem\",\"position\":1,\"name\":\"Hauptseite\",\"item\":\"https:\/\/childcarebyaupair.com\/en\/\"},{\"@type\":\"ListItem\",\"position\":2,\"name\":\"Verwendung von Speichertechniken\"}]},{\"@type\":\"WebSite\",\"@id\":\"https:\/\/childcarebyaupair.com\/ru\/#website\",\"url\":\"https:\/\/childcarebyaupair.com\/ru\/\",\"name\":\"Childcare by Aupair\",\"description\":\"\",\"potentialAction\":[{\"@type\":\"SearchAction\",\"target\":{\"@type\":\"EntryPoint\",\"urlTemplate\":\"https:\/\/childcarebyaupair.com\/ru\/?s={search_term_string}\"},\"query-input\":{\"@type\":\"PropertyValueSpecification\",\"valueRequired\":true,\"valueName\":\"search_term_string\"}}],\"inLanguage\":\"en-US\"}]}<\/script>\n<!-- \/ Yoast SEO plugin. -->","yoast_head_json":{"title":"Verwendung von Speichertechniken - Childcare by Aupair","robots":{"index":"index","follow":"follow","max-snippet":"max-snippet:-1","max-image-preview":"max-image-preview:large","max-video-preview":"max-video-preview:-1"},"canonical":"https:\/\/childcarebyaupair.com\/en\/cookie\/","og_locale":"en_US","og_type":"article","og_title":"Verwendung von Speichertechniken - Childcare by Aupair","og_description":"Cookies Bei \u201eCookies\u201c handelt es sich um kleine Dateien, die Ihr Browser automatisch erstellt und die auf Ihrem Endger\u00e4t (Laptop, Tablet, Smartphone, etc.) gespeichert werden. Cookies k\u00f6nnen nach derzeitigem Wissensstand keine Viren, Trojaner oder sonstige Schadsoftware enthalten. In Cookies werden Informationen abgelegt, die sich jeweils im Zusammenhang mit dem spezifisch eingesetzten Endger\u00e4t ergeben. Dies bedeutet [&hellip;]","og_url":"https:\/\/childcarebyaupair.com\/en\/cookie\/","og_site_name":"Childcare by Aupair","article_modified_time":"2021-07-29T18:09:15+00:00","og_image":[{"width":2500,"height":1669,"url":"https:\/\/childcarebyaupair.com\/wp-content\/uploads\/2021\/08\/594171068-2.jpg","type":"image\/jpeg"}],"twitter_card":"summary_large_image","twitter_misc":{"Est. reading time":"8 minutes"},"schema":{"@context":"https:\/\/schema.org","@graph":[{"@type":"WebPage","@id":"https:\/\/childcarebyaupair.com\/en\/cookie\/","url":"https:\/\/childcarebyaupair.com\/en\/cookie\/","name":"Verwendung von Speichertechniken - Childcare by Aupair","isPartOf":{"@id":"https:\/\/childcarebyaupair.com\/ru\/#website"},"primaryImageOfPage":{"@id":"https:\/\/childcarebyaupair.com\/en\/cookie\/#primaryimage"},"image":{"@id":"https:\/\/childcarebyaupair.com\/en\/cookie\/#primaryimage"},"thumbnailUrl":"https:\/\/childcarebyaupair.com\/wp-content\/uploads\/2021\/08\/594171068-2.jpg","datePublished":"2021-07-27T07:15:42+00:00","dateModified":"2021-07-29T18:09:15+00:00","breadcrumb":{"@id":"https:\/\/childcarebyaupair.com\/en\/cookie\/#breadcrumb"},"inLanguage":"en-US","potentialAction":[{"@type":"ReadAction","target":["https:\/\/childcarebyaupair.com\/en\/cookie\/"]}]},{"@type":"ImageObject","inLanguage":"en-US","@id":"https:\/\/childcarebyaupair.com\/en\/cookie\/#primaryimage","url":"https:\/\/childcarebyaupair.com\/wp-content\/uploads\/2021\/08\/594171068-2.jpg","contentUrl":"https:\/\/childcarebyaupair.com\/wp-content\/uploads\/2021\/08\/594171068-2.jpg","width":2500,"height":1669},{"@type":"BreadcrumbList","@id":"https:\/\/childcarebyaupair.com\/en\/cookie\/#breadcrumb","itemListElement":[{"@type":"ListItem","position":1,"name":"Hauptseite","item":"https:\/\/childcarebyaupair.com\/en\/"},{"@type":"ListItem","position":2,"name":"Verwendung von Speichertechniken"}]},{"@type":"WebSite","@id":"https:\/\/childcarebyaupair.com\/ru\/#website","url":"https:\/\/childcarebyaupair.com\/ru\/","name":"Childcare by Aupair","description":"","potentialAction":[{"@type":"SearchAction","target":{"@type":"EntryPoint","urlTemplate":"https:\/\/childcarebyaupair.com\/ru\/?s={search_term_string}"},"query-input":{"@type":"PropertyValueSpecification","valueRequired":true,"valueName":"search_term_string"}}],"inLanguage":"en-US"}]}},"_links":{"self":[{"href":"https:\/\/childcarebyaupair.com\/en\/wp-json\/wp\/v2\/pages\/1118","targetHints":{"allow":["GET"]}}],"collection":[{"href":"https:\/\/childcarebyaupair.com\/en\/wp-json\/wp\/v2\/pages"}],"about":[{"href":"https:\/\/childcarebyaupair.com\/en\/wp-json\/wp\/v2\/types\/page"}],"author":[{"embeddable":true,"href":"https:\/\/childcarebyaupair.com\/en\/wp-json\/wp\/v2\/users\/2"}],"replies":[{"embeddable":true,"href":"https:\/\/childcarebyaupair.com\/en\/wp-json\/wp\/v2\/comments?post=1118"}],"version-history":[{"count":4,"href":"https:\/\/childcarebyaupair.com\/en\/wp-json\/wp\/v2\/pages\/1118\/revisions"}],"predecessor-version":[{"id":1587,"href":"https:\/\/childcarebyaupair.com\/en\/wp-json\/wp\/v2\/pages\/1118\/revisions\/1587"}],"wp:featuredmedia":[{"embeddable":true,"href":"https:\/\/childcarebyaupair.com\/en\/wp-json\/wp\/v2\/media\/1925"}],"wp:attachment":[{"href":"https:\/\/childcarebyaupair.com\/en\/wp-json\/wp\/v2\/media?parent=1118"}],"curies":[{"name":"wp","href":"https:\/\/api.w.org\/{rel}","templated":true}]}}