{"id":1042,"date":"2021-07-14T20:24:50","date_gmt":"2021-07-14T17:24:50","guid":{"rendered":"https:\/\/childcarebyaupair.com\/?page_id=1042"},"modified":"2024-10-19T12:40:48","modified_gmt":"2024-10-19T09:40:48","slug":"impressum-ru","status":"publish","type":"page","link":"https:\/\/childcarebyaupair.com\/ru\/impressum-ru\/","title":{"rendered":"Impressum"},"content":{"rendered":"\n<p>Informationspflicht laut \u00a75 E-Commerce Gesetz, \u00a714 Unternehmensgesetzbuch, \u00a763 Gewerbeordnung und Offenlegungspflicht laut \u00a725 Mediengesetz.<\/p>\n\n\n\n<p>Childcare by Aupair<br>Nataliya Schreiber<br>Langenstegstra\u00dfe 43a,<br>6971 Hard,<br>\u00d6sterreich<\/p>\n\n\n\n<p><strong>Unternehmensgegenstand:<\/strong> Arbeitsvermittlung<br><strong>GISA:<\/strong> 2021-1207120155382<\/p>\n\n\n\n<p><strong>Tel.:<\/strong> +43(0)6767805750 <br><strong>E-Mail:<\/strong> <a href=\"mailto:in**@***************ir.com\" data-original-string=\"kVVMR3QCU6ElCIsmtjz5jQ==064lLxwzvUgxdU88CW2E6LcDOwYor9ocvji+h\/BNhdie5Y=\" title=\"\u042d\u0442\u043e\u0442 \u043a\u043e\u043d\u0442\u0430\u043a\u0442 \u0437\u0430\u043a\u043e\u0434\u0438\u0440\u043e\u0432\u0430\u043d \u043f\u043b\u0430\u0433\u0438\u043d\u043e\u043c Anti-Spam by CleanTalk. \u041d\u0430\u0436\u043c\u0438\u0442\u0435 \u043d\u0430 \u0442\u0435\u043a\u0441\u0442 \u0434\u043b\u044f \u0434\u0435\u043a\u043e\u0434\u0438\u0440\u043e\u0432\u0430\u043d\u0438\u044f. \u0422\u0430\u043a\u0436\u0435 \u0443\u0431\u0435\u0434\u0438\u0442\u0435\u0441\u044c, \u0447\u0442\u043e \u0432 \u0432\u0430\u0448\u0435\u043c \u0431\u0440\u0430\u0443\u0437\u0435\u0440\u0435 \u0432\u043a\u043b\u044e\u0447\u0451\u043d JavaScript.\"><span \n                data-original-string='bYBizDGbrNxRIN3Pjb4JyQ==064MQ8As+l0ZRjgjQXPSMPJSXk\/TQQXdORqOfR2fx2+X1M='\n                class='apbct-email-encoder'\n                title='\u042d\u0442\u043e\u0442 \u043a\u043e\u043d\u0442\u0430\u043a\u0442 \u0437\u0430\u043a\u043e\u0434\u0438\u0440\u043e\u0432\u0430\u043d \u043f\u043b\u0430\u0433\u0438\u043d\u043e\u043c Anti-Spam by CleanTalk. \u041d\u0430\u0436\u043c\u0438\u0442\u0435 \u043d\u0430 \u0442\u0435\u043a\u0441\u0442 \u0434\u043b\u044f \u0434\u0435\u043a\u043e\u0434\u0438\u0440\u043e\u0432\u0430\u043d\u0438\u044f. \u0422\u0430\u043a\u0436\u0435 \u0443\u0431\u0435\u0434\u0438\u0442\u0435\u0441\u044c, \u0447\u0442\u043e \u0432 \u0432\u0430\u0448\u0435\u043c \u0431\u0440\u0430\u0443\u0437\u0435\u0440\u0435 \u0432\u043a\u043b\u044e\u0447\u0451\u043d JavaScript.'>in<span class=\"apbct-blur\">**<\/span>@<span class=\"apbct-blur\">***************<\/span>ir.com<\/span><\/a><\/p>\n\n\n\n<p><strong>Mitglied bei:<\/strong> WKO<br><strong>Berufsrecht:<\/strong> Gewerbeordnung: www.ris.bka.gv.at<\/p>\n\n\n\n<p><strong>Aufsichtsbeh\u00f6rde\/Gewerbebeh\u00f6rde:<\/strong> Bezirkshauptmannschaft Bregenz<br><strong>Berufsbezeichnung:<\/strong> Arbeitsvermittler<br><strong>Verleihungsstaat:<\/strong> \u00d6sterreich<\/p>\n\n\n\n<p><strong>Kontaktdaten des Verantwortlichen f\u00fcr Datenschutz<\/strong><br>Sollten Sie Fragen zum Datenschutz haben, finden Sie nachfolgend die Kontaktdaten der verantwortlichen Person bzw. Stelle:<br>Childcare by Aupair<br>Schreiber Nataliya<br>E-Mail-Adresse: <a href=\"infor@childcarebyaupair.com\"><span \n                data-original-string='wWbRHOOxfbrKloQldJjNAQ==0640ICvgUiLlTl6UDgy0WAz5Kwcsz2Vk7U6sL+XgqvzEow='\n                class='apbct-email-encoder'\n                title='\u042d\u0442\u043e\u0442 \u043a\u043e\u043d\u0442\u0430\u043a\u0442 \u0437\u0430\u043a\u043e\u0434\u0438\u0440\u043e\u0432\u0430\u043d \u043f\u043b\u0430\u0433\u0438\u043d\u043e\u043c Anti-Spam by CleanTalk. \u041d\u0430\u0436\u043c\u0438\u0442\u0435 \u043d\u0430 \u0442\u0435\u043a\u0441\u0442 \u0434\u043b\u044f \u0434\u0435\u043a\u043e\u0434\u0438\u0440\u043e\u0432\u0430\u043d\u0438\u044f. \u0422\u0430\u043a\u0436\u0435 \u0443\u0431\u0435\u0434\u0438\u0442\u0435\u0441\u044c, \u0447\u0442\u043e \u0432 \u0432\u0430\u0448\u0435\u043c \u0431\u0440\u0430\u0443\u0437\u0435\u0440\u0435 \u0432\u043a\u043b\u044e\u0447\u0451\u043d JavaScript.'>in<span class=\"apbct-blur\">**<\/span>@<span class=\"apbct-blur\">***************<\/span>ir.com<\/span><\/a><br>Telefon: +43(0)6767805750 <br><\/p>\n\n\n\n<p>Quelle: Erstellt mit dem <a href=\"https:\/\/www.adsimple.at\/impressum-generator\/\">Impressum Generator<\/a> von AdSimple<\/p>\n","protected":false},"excerpt":{"rendered":"<p>Informationspflicht laut \u00a75 E-Commerce Gesetz, \u00a714 Unternehmensgesetzbuch, \u00a763 Gewerbeordnung und Offenlegungspflicht laut \u00a725 Mediengesetz. Childcare by AupairNataliya SchreiberLangenstegstra\u00dfe 43a,6971 Hard,\u00d6sterreich Unternehmensgegenstand: ArbeitsvermittlungGISA: 2021-1207120155382 Tel.: +43(0)6767805750 E-Mail: in**@***************ir.com Mitglied bei: WKOBerufsrecht: Gewerbeordnung: www.ris.bka.gv.at Aufsichtsbeh\u00f6rde\/Gewerbebeh\u00f6rde: Bezirkshauptmannschaft BregenzBerufsbezeichnung: ArbeitsvermittlerVerleihungsstaat: \u00d6sterreich Kontaktdaten des Verantwortlichen f\u00fcr DatenschutzSollten Sie Fragen zum Datenschutz haben, finden Sie nachfolgend die Kontaktdaten der verantwortlichen Person [&hellip;]<\/p>\n","protected":false},"author":2,"featured_media":2032,"parent":0,"menu_order":0,"comment_status":"closed","ping_status":"closed","template":"","meta":{"footnotes":""},"class_list":["post-1042","page","type-page","status-publish","has-post-thumbnail","hentry"],"yoast_head":"<!-- This site is optimized with the Yoast SEO plugin v27.0 - https:\/\/yoast.com\/product\/yoast-seo-wordpress\/ -->\n<title>Impressum - Childcare by Aupair<\/title>\n<meta name=\"robots\" content=\"index, follow, max-snippet:-1, max-image-preview:large, max-video-preview:-1\" \/>\n<link rel=\"canonical\" href=\"https:\/\/childcarebyaupair.com\/ru\/impressum-ru\/\" \/>\n<meta property=\"og:locale\" content=\"ru_RU\" \/>\n<meta property=\"og:type\" content=\"article\" \/>\n<meta property=\"og:title\" content=\"Impressum - Childcare by Aupair\" \/>\n<meta property=\"og:description\" content=\"Informationspflicht laut \u00a75 E-Commerce Gesetz, \u00a714 Unternehmensgesetzbuch, \u00a763 Gewerbeordnung und Offenlegungspflicht laut \u00a725 Mediengesetz. Childcare by AupairNataliya SchreiberLangenstegstra\u00dfe 43a,6971 Hard,\u00d6sterreich Unternehmensgegenstand: ArbeitsvermittlungGISA: 2021-1207120155382 Tel.: +43(0)6767805750 E-Mail: in**@***************ir.com Mitglied bei: WKOBerufsrecht: Gewerbeordnung: www.ris.bka.gv.at Aufsichtsbeh\u00f6rde\/Gewerbebeh\u00f6rde: Bezirkshauptmannschaft BregenzBerufsbezeichnung: ArbeitsvermittlerVerleihungsstaat: \u00d6sterreich Kontaktdaten des Verantwortlichen f\u00fcr DatenschutzSollten Sie Fragen zum Datenschutz haben, finden Sie nachfolgend die Kontaktdaten der verantwortlichen Person [&hellip;]\" \/>\n<meta property=\"og:url\" content=\"https:\/\/childcarebyaupair.com\/ru\/impressum-ru\/\" \/>\n<meta property=\"og:site_name\" content=\"Childcare by Aupair\" \/>\n<meta property=\"article:modified_time\" content=\"2024-10-19T09:40:48+00:00\" \/>\n<meta property=\"og:image\" content=\"https:\/\/childcarebyaupair.com\/wp-content\/uploads\/2021\/08\/fotolia_77599912_subscription_xxl.jpg\" \/>\n\t<meta property=\"og:image:width\" content=\"848\" \/>\n\t<meta property=\"og:image:height\" content=\"512\" \/>\n\t<meta property=\"og:image:type\" content=\"image\/jpeg\" \/>\n<meta name=\"twitter:card\" content=\"summary_large_image\" \/>\n<meta name=\"twitter:label1\" content=\"\u041f\u0440\u0438\u043c\u0435\u0440\u043d\u043e\u0435 \u0432\u0440\u0435\u043c\u044f \u0434\u043b\u044f \u0447\u0442\u0435\u043d\u0438\u044f\" \/>\n\t<meta name=\"twitter:data1\" content=\"1 \u043c\u0438\u043d\u0443\u0442\u0430\" \/>\n<script type=\"application\/ld+json\" class=\"yoast-schema-graph\">{\"@context\":\"https:\/\/schema.org\",\"@graph\":[{\"@type\":\"WebPage\",\"@id\":\"https:\/\/childcarebyaupair.com\/ru\/impressum-ru\/\",\"url\":\"https:\/\/childcarebyaupair.com\/ru\/impressum-ru\/\",\"name\":\"Impressum - Childcare by Aupair\",\"isPartOf\":{\"@id\":\"https:\/\/childcarebyaupair.com\/ru\/#website\"},\"primaryImageOfPage\":{\"@id\":\"https:\/\/childcarebyaupair.com\/ru\/impressum-ru\/#primaryimage\"},\"image\":{\"@id\":\"https:\/\/childcarebyaupair.com\/ru\/impressum-ru\/#primaryimage\"},\"thumbnailUrl\":\"https:\/\/childcarebyaupair.com\/wp-content\/uploads\/2021\/08\/fotolia_77599912_subscription_xxl.jpg\",\"datePublished\":\"2021-07-14T17:24:50+00:00\",\"dateModified\":\"2024-10-19T09:40:48+00:00\",\"breadcrumb\":{\"@id\":\"https:\/\/childcarebyaupair.com\/ru\/impressum-ru\/#breadcrumb\"},\"inLanguage\":\"ru-RU\",\"potentialAction\":[{\"@type\":\"ReadAction\",\"target\":[\"https:\/\/childcarebyaupair.com\/ru\/impressum-ru\/\"]}]},{\"@type\":\"ImageObject\",\"inLanguage\":\"ru-RU\",\"@id\":\"https:\/\/childcarebyaupair.com\/ru\/impressum-ru\/#primaryimage\",\"url\":\"https:\/\/childcarebyaupair.com\/wp-content\/uploads\/2021\/08\/fotolia_77599912_subscription_xxl.jpg\",\"contentUrl\":\"https:\/\/childcarebyaupair.com\/wp-content\/uploads\/2021\/08\/fotolia_77599912_subscription_xxl.jpg\",\"width\":848,\"height\":512},{\"@type\":\"BreadcrumbList\",\"@id\":\"https:\/\/childcarebyaupair.com\/ru\/impressum-ru\/#breadcrumb\",\"itemListElement\":[{\"@type\":\"ListItem\",\"position\":1,\"name\":\"Hauptseite\",\"item\":\"https:\/\/childcarebyaupair.com\/ru\/\"},{\"@type\":\"ListItem\",\"position\":2,\"name\":\"Impressum\"}]},{\"@type\":\"WebSite\",\"@id\":\"https:\/\/childcarebyaupair.com\/ru\/#website\",\"url\":\"https:\/\/childcarebyaupair.com\/ru\/\",\"name\":\"Childcare by Aupair\",\"description\":\"\",\"potentialAction\":[{\"@type\":\"SearchAction\",\"target\":{\"@type\":\"EntryPoint\",\"urlTemplate\":\"https:\/\/childcarebyaupair.com\/ru\/?s={search_term_string}\"},\"query-input\":{\"@type\":\"PropertyValueSpecification\",\"valueRequired\":true,\"valueName\":\"search_term_string\"}}],\"inLanguage\":\"ru-RU\"}]}<\/script>\n<!-- \/ Yoast SEO plugin. -->","yoast_head_json":{"title":"Impressum - Childcare by Aupair","robots":{"index":"index","follow":"follow","max-snippet":"max-snippet:-1","max-image-preview":"max-image-preview:large","max-video-preview":"max-video-preview:-1"},"canonical":"https:\/\/childcarebyaupair.com\/ru\/impressum-ru\/","og_locale":"ru_RU","og_type":"article","og_title":"Impressum - Childcare by Aupair","og_description":"Informationspflicht laut \u00a75 E-Commerce Gesetz, \u00a714 Unternehmensgesetzbuch, \u00a763 Gewerbeordnung und Offenlegungspflicht laut \u00a725 Mediengesetz. Childcare by AupairNataliya SchreiberLangenstegstra\u00dfe 43a,6971 Hard,\u00d6sterreich Unternehmensgegenstand: ArbeitsvermittlungGISA: 2021-1207120155382 Tel.: +43(0)6767805750 E-Mail: in**@***************ir.com Mitglied bei: WKOBerufsrecht: Gewerbeordnung: www.ris.bka.gv.at Aufsichtsbeh\u00f6rde\/Gewerbebeh\u00f6rde: Bezirkshauptmannschaft BregenzBerufsbezeichnung: ArbeitsvermittlerVerleihungsstaat: \u00d6sterreich Kontaktdaten des Verantwortlichen f\u00fcr DatenschutzSollten Sie Fragen zum Datenschutz haben, finden Sie nachfolgend die Kontaktdaten der verantwortlichen Person [&hellip;]","og_url":"https:\/\/childcarebyaupair.com\/ru\/impressum-ru\/","og_site_name":"Childcare by Aupair","article_modified_time":"2024-10-19T09:40:48+00:00","og_image":[{"width":848,"height":512,"url":"https:\/\/childcarebyaupair.com\/wp-content\/uploads\/2021\/08\/fotolia_77599912_subscription_xxl.jpg","type":"image\/jpeg"}],"twitter_card":"summary_large_image","twitter_misc":{"\u041f\u0440\u0438\u043c\u0435\u0440\u043d\u043e\u0435 \u0432\u0440\u0435\u043c\u044f \u0434\u043b\u044f \u0447\u0442\u0435\u043d\u0438\u044f":"1 \u043c\u0438\u043d\u0443\u0442\u0430"},"schema":{"@context":"https:\/\/schema.org","@graph":[{"@type":"WebPage","@id":"https:\/\/childcarebyaupair.com\/ru\/impressum-ru\/","url":"https:\/\/childcarebyaupair.com\/ru\/impressum-ru\/","name":"Impressum - Childcare by Aupair","isPartOf":{"@id":"https:\/\/childcarebyaupair.com\/ru\/#website"},"primaryImageOfPage":{"@id":"https:\/\/childcarebyaupair.com\/ru\/impressum-ru\/#primaryimage"},"image":{"@id":"https:\/\/childcarebyaupair.com\/ru\/impressum-ru\/#primaryimage"},"thumbnailUrl":"https:\/\/childcarebyaupair.com\/wp-content\/uploads\/2021\/08\/fotolia_77599912_subscription_xxl.jpg","datePublished":"2021-07-14T17:24:50+00:00","dateModified":"2024-10-19T09:40:48+00:00","breadcrumb":{"@id":"https:\/\/childcarebyaupair.com\/ru\/impressum-ru\/#breadcrumb"},"inLanguage":"ru-RU","potentialAction":[{"@type":"ReadAction","target":["https:\/\/childcarebyaupair.com\/ru\/impressum-ru\/"]}]},{"@type":"ImageObject","inLanguage":"ru-RU","@id":"https:\/\/childcarebyaupair.com\/ru\/impressum-ru\/#primaryimage","url":"https:\/\/childcarebyaupair.com\/wp-content\/uploads\/2021\/08\/fotolia_77599912_subscription_xxl.jpg","contentUrl":"https:\/\/childcarebyaupair.com\/wp-content\/uploads\/2021\/08\/fotolia_77599912_subscription_xxl.jpg","width":848,"height":512},{"@type":"BreadcrumbList","@id":"https:\/\/childcarebyaupair.com\/ru\/impressum-ru\/#breadcrumb","itemListElement":[{"@type":"ListItem","position":1,"name":"Hauptseite","item":"https:\/\/childcarebyaupair.com\/ru\/"},{"@type":"ListItem","position":2,"name":"Impressum"}]},{"@type":"WebSite","@id":"https:\/\/childcarebyaupair.com\/ru\/#website","url":"https:\/\/childcarebyaupair.com\/ru\/","name":"Childcare by Aupair","description":"","potentialAction":[{"@type":"SearchAction","target":{"@type":"EntryPoint","urlTemplate":"https:\/\/childcarebyaupair.com\/ru\/?s={search_term_string}"},"query-input":{"@type":"PropertyValueSpecification","valueRequired":true,"valueName":"search_term_string"}}],"inLanguage":"ru-RU"}]}},"_links":{"self":[{"href":"https:\/\/childcarebyaupair.com\/ru\/wp-json\/wp\/v2\/pages\/1042","targetHints":{"allow":["GET"]}}],"collection":[{"href":"https:\/\/childcarebyaupair.com\/ru\/wp-json\/wp\/v2\/pages"}],"about":[{"href":"https:\/\/childcarebyaupair.com\/ru\/wp-json\/wp\/v2\/types\/page"}],"author":[{"embeddable":true,"href":"https:\/\/childcarebyaupair.com\/ru\/wp-json\/wp\/v2\/users\/2"}],"replies":[{"embeddable":true,"href":"https:\/\/childcarebyaupair.com\/ru\/wp-json\/wp\/v2\/comments?post=1042"}],"version-history":[{"count":5,"href":"https:\/\/childcarebyaupair.com\/ru\/wp-json\/wp\/v2\/pages\/1042\/revisions"}],"predecessor-version":[{"id":2351,"href":"https:\/\/childcarebyaupair.com\/ru\/wp-json\/wp\/v2\/pages\/1042\/revisions\/2351"}],"wp:featuredmedia":[{"embeddable":true,"href":"https:\/\/childcarebyaupair.com\/ru\/wp-json\/wp\/v2\/media\/2032"}],"wp:attachment":[{"href":"https:\/\/childcarebyaupair.com\/ru\/wp-json\/wp\/v2\/media?parent=1042"}],"curies":[{"name":"wp","href":"https:\/\/api.w.org\/{rel}","templated":true}]}}