{"id":903,"date":"2021-07-14T17:52:26","date_gmt":"2021-07-14T14:52:26","guid":{"rendered":"https:\/\/childcarebyaupair.com\/?page_id=903"},"modified":"2025-06-24T16:10:41","modified_gmt":"2025-06-24T13:10:41","slug":"agb-ru","status":"publish","type":"page","link":"https:\/\/childcarebyaupair.com\/ru\/agb-ru\/","title":{"rendered":"AGB"},"content":{"rendered":"\n<p><strong>Allgemeine Gesch\u00e4ftsbedingungen<\/strong><\/p>\n\n\n\n<p><strong>Pr\u00e4ambel.<\/strong><\/p>\n\n\n\n<p>Diese allgemeine Gesch\u00e4ftsbedingungen (nachfolgend \u201eAGB\u201c genannt) sind Bestandteil der Vermittlung eines Aupair <\/p>\n\n\n\n<p>Bewerbers\/einer Aupair Bewerberin (nachfolgend \u201eAupair\u201c genannt) an eine Gastfamilie (nachfolgend weiterhin <\/p>\n\n\n\n<p>\u201eGastfamilie\u201c genannt) \u00fcber Agentur Childcare by Aupair , Schreiber Nataliya, Langenstegstra\u00dfe 43a, 6971 \u2013 Hard (nachfolgend \u201eAgentur\u201c genannt).<\/p>\n\n\n\n<p>\u00a7<strong> 1 Geltungsbereich, Begriffsbestimmungen<\/strong>.<\/p>\n\n\n\n<p>F\u00fcr die Gesch\u00e4ftsbeziehung zwischen der Agentur und der Gastfamilie gelten ausschlie\u00dflich die nachfolgenden AGB in <\/p>\n\n\n\n<p>ihrer zum Zeitpunkt des Vertragsschlusses g\u00fcltigen Fassung. Abweichende Bedingungen des Kunden werden nicht <\/p>\n\n\n\n<p>anerkannt, es sei denn, die Agentur stimmt ihrer Geltung ausdr\u00fccklich schriftlich zu.<\/p>\n\n\n\n<p><strong>\u00a7 2 Vertragsschluss.<\/strong><\/p>\n\n\n\n<p>Aupair &#8212; Vermittlungsvertrag &#8212; Gastfamilie abgeschlossen am heutigen Tag zwischen der<\/p>\n\n\n\n<p>Vermittlerin: Agentur Childcare by Aupair<\/p>\n\n\n\n<p>Name: Schreiber Nataliya Bsc<\/p>\n\n\n\n<p>Adresse: 6971-Hard, Langenstegstra\u00dfe 43a<\/p>\n\n\n\n<p>Telefonnummer\/e-mail Adresse:  +43(0)6767805750 \/ <span \n                data-original-string='p1GvpBGbVd9+ZfNvGHiKBQ==064odZN7jor6ZArYNzrIyMQuNQ7nKV05Abxh9V6bo585NA='\n                class='apbct-email-encoder'\n                title='\u042d\u0442\u043e\u0442 \u043a\u043e\u043d\u0442\u0430\u043a\u0442 \u0437\u0430\u043a\u043e\u0434\u0438\u0440\u043e\u0432\u0430\u043d \u043f\u043b\u0430\u0433\u0438\u043d\u043e\u043c Anti-Spam by CleanTalk. \u041d\u0430\u0436\u043c\u0438\u0442\u0435 \u043d\u0430 \u0442\u0435\u043a\u0441\u0442 \u0434\u043b\u044f \u0434\u0435\u043a\u043e\u0434\u0438\u0440\u043e\u0432\u0430\u043d\u0438\u044f. \u0422\u0430\u043a\u0436\u0435 \u0443\u0431\u0435\u0434\u0438\u0442\u0435\u0441\u044c, \u0447\u0442\u043e \u0432 \u0432\u0430\u0448\u0435\u043c \u0431\u0440\u0430\u0443\u0437\u0435\u0440\u0435 \u0432\u043a\u043b\u044e\u0447\u0451\u043d JavaScript.'>in<span class=\"apbct-blur\">**<\/span>@<span class=\"apbct-blur\">**************<\/span>ar.com<\/span><\/p>\n\n\n\n<p>und der Gastfamilie, vertreten durch<\/p>\n\n\n\n<p>Name:<\/p>\n\n\n\n<p>Adresse:<\/p>\n\n\n\n<p>Telefonnummer\/Faxnummer\/e-mail Adresse:<\/p>\n\n\n\n<p>Mit Unterzeichnung dieses Vertrages beauftragt<\/p>\n\n\n\n<p>die Gastfamilie die Vermittlerin mit<\/p>\n\n\n\n<p>der Vermittlung einer Aupair-Kraft f\u00fcr den Zeitraum von &#8230;&#8230;&#8230;&#8230;&#8230;&#8230; bis voraussichtlich<\/p>\n\n\n\n<p>&#8230;&#8230;&#8230;&#8230;. Der Vermittlungsauftrag gilt f\u00fcr die Dauer von einem Jahr ab Auftragserteilung.<\/p>\n\n\n\n<p><strong>\u00a7 3 Pflichten der Gastfamilie.<\/strong><\/p>\n\n\n\n<p>1. Die Gastfamilie stellt der Aupair-Kraft ein versperrbares, beheizbares und ausreichend m\u00f6bliertes Zimmer zur <\/p>\n\n\n\n<p>Verf\u00fcgung. Die Gastfamilie gew\u00e4hrt der Aupair-Kraft freie Kost.<\/p>\n\n\n\n<p>2. Die Gastfamilie integriert die Aupair-Kraft in die Familie. Die Gasteltern und Kinder der<\/p>\n\n\n\n<p>Gasteltern treten der Aupair-Kraft respektvoll und h\u00f6flich gegen\u00fcber.<\/p>\n\n\n\n<p>3. Die Gastfamilie ist verpflichtet der Aupair-Kraft den mit ihr vereinbarten Lohn jeweils<\/p>\n\n\n\n<p>am Ende der Woche (Freitag oder Samstag) auszubezahlen. Die Gastfamilie wird auf die<\/p>\n\n\n\n<p>Geltung der Bestimmungen des Hausgehilfen- und Hausangestelltengesetzes, wonach sich<\/p>\n\n\n\n<p>der Entgeltanspruch nach dem Mindestlohntarif des jeweiligen Bundeslandes f\u00fcr im<\/p>\n\n\n\n<p>Haushalt Besch\u00e4ftigte und der Urlaubsanspruch nach dem Urlaubsgesetz richten,<\/p>\n\n\n\n<p>hingewiesen. Die Gastfamilie erkl\u00e4rt diese gesetzlichen Bestimmungen zu kennen.<\/p>\n\n\n\n<p>4. Die Gastfamilie bietet der Aupair-Kraft die zeitliche M\u00f6glichkeit eine Sprachschule zu<\/p>\n\n\n\n<p>besuchen. Die H\u00e4lfte der Kosten des Sprachkurses tr\u00e4gt die Gastfamilie. \u00dcber eine allf\u00e4llige dar\u00fcber hinausgehende <\/p>\n\n\n\n<p>Kostentragung des Sprachkurses oder einen sonstigen<\/p>\n\n\n\n<p>Beitrag trifft die Gastfamilie mit der Aupair-Kraft eine Vereinbarung.<\/p>\n\n\n\n<p>5. Die Gastfamilie f\u00f6rdert die Teilnahme der Aupair-Kraft an kulturellen und<\/p>\n\n\n\n<p>gesellschaftlichen Veranstaltungen, sowie die dazu notwendige Mobilit\u00e4t im \u00fcblichen Ausma\u00df.<\/p>\n\n\n\n<p>6. Die Gastfamilie wird sich vor Ankunft der Aupair-Kraft mit dieser in Verbindung setzen<\/p>\n\n\n\n<p>und die Einzelheiten der Anreise besprechen. Die Gastfamilie wird die Aupair-Kraft vom<\/p>\n\n\n\n<p>n\u00e4chstgelegenen Bahnhof oder Flughafen abholen oder eine Abholung veranlassen.<\/p>\n\n\n\n<p>7. Nach Ankunft wird die Gastfamilie den Tagesablauf mit der Aupair-Kraft besprechen oder schriftlich vereinbaren.<\/p>\n\n\n\n<p>8. Die Gastfamilie versucht allf\u00e4llige Probleme zwischen ihr und der Aupair-Kraft zu l\u00f6sen.<\/p>\n\n\n\n<p>Ist eine L\u00f6sung der Probleme nicht m\u00f6glich, verpflichtet sich die Gastfamilie den\/die<\/p>\n\n\n\n<p>VermittlerIn um Hilfe zu bitten. Bei nicht l\u00f6sbaren Problemen hat die Gastfamilie das<\/p>\n\n\n\n<p>Recht den mit der Aupair-Kraft abgeschlossenen Vertrag unter Einhaltung einer<\/p>\n\n\n\n<p>einw\u00f6chigen K\u00fcndigungsfrist zu k\u00fcndigen.<\/p>\n\n\n\n<p>9. Die Gastfamilie anerkennt die vom Arbeitsmarktservice (AMS) herausgegebenen<\/p>\n\n\n\n<p>gesetzlichen Richtlinien hinsichtlich der Aufnahme einer ausl\u00e4ndischen Aupair-Kraft.<\/p>\n\n\n\n<p>10. Die Gastfamilie nimmt zur Kenntnis, dass sie f\u00fcr die Aupair-Kraft Beitr\u00e4ge nach dem<\/p>\n\n\n\n<p>betrieblichen Mitarbeitervorsorgegesetz (BMVG) zu leisten hat.<\/p>\n\n\n\n<p>11. Die Gastfamilie erkl\u00e4rt sich damit einverstanden, die Aupair-Kraft zur gesetzlichen<\/p>\n\n\n\n<p>Sozialversicherung anzumelden.<\/p>\n\n\n\n<p>12. Die Gastfamilie erkl\u00e4rt die gesetzlichen Bedingungen der Arbeitserlaubnis f\u00fcr Aupair-<\/p>\n\n\n\n<p>Kr\u00e4fte in \u00d6sterreich zu kennen und diese einzuhalten.<\/p>\n\n\n\n<p>13. F\u00fcr die Einhaltung der gesetzlichen Bestimmungen ist die Gastfamilie selbst<\/p>\n\n\n\n<p>verantwortlich und besteht seitens der Vermittlerin keine Kontrollpflicht.<\/p>\n\n\n\n<p>14. Die Gastfamilie betraut die Aupair-Kraft sowohl mit T\u00e4tigkeiten im Haushalt als auch<\/p>\n\n\n\n<p>mit der Kinderbetreuung. Das jeweilige Ausma\u00df wird zwischen der Gastfamilie und der Aupair-Kraft vereinbart.<\/p>\n\n\n\n<p>15. Die Gastfamilie informiert den\/die VermittlerIn unverz\u00fcglich, wenn \u00c4nderungen, die<\/p>\n\n\n\n<p>diesen Vertrag oder das Verh\u00e4ltnis zur Aupair-Kraft betreffen k\u00f6nnen, eingetreten sind.<\/p>\n\n\n\n<p>16. Der Gastfamilie ist es untersagt, Daten und Adressen von Aupair-Kr\u00e4ften, die von<\/p>\n\n\n\n<p>der VermittlerIn \u00fcbermittelt wurden, an Dritte weiterzuleiten.<\/p>\n\n\n\n<p>17. Der Gastfamilie ist es ausdr\u00fccklich untersagt, Daten bzw. Adressen von Partneragenturen sowie Aupairs die von der<\/p>\n\n\n\n<p> Childcare by Aupair Agentur angeboten wurden an Dritte weiterzuleiten oder zu missbrauchen. F\u00fcr jeden Fall der <\/p>\n\n\n\n<p>Zuwiderhandlung in ein Schadenersatz in H\u00f6he von 5.000,00 Euro zu zahlen. Das Recht einer Strafanzeige bleibt <\/p>\n\n\n\n<p>ausdr\u00fccklich vorbehalten. Bei einer Abwerbung einer \/ s Aupair, die durch Childcare by Aupair Agentur zur Verf\u00fcgung<\/p>\n\n\n\n<p> gestellt wurde, steht der Agentur die doppelte Vermittlungsgeb\u00fchr zu.<\/p>\n\n\n\n<p><strong>\u00a7 4 Pflichten der Vermittlerin.<\/strong><\/p>\n\n\n\n<p>1. Wir bitten folgende Leistungen f\u00fcr die Familien:<\/p>\n\n\n\n<p>Wir begleiten die Familie bei der Auswahl der Kandidaten (3 Kandidaten werden von unserer Agentur vorgeschlagen).<\/p>\n\n\n\n<p>Sobald die Familie sich f\u00fcr eine Aupair entschieden haben, unterst\u00fctzen wir Sie mit zahlreichen Informationen, <\/p>\n\n\n\n<p>Anweisungen und Tipps, damit die beh\u00f6rdliche Anmeldung der Aupair\u00b4s korrekt verl\u00e4uft.<\/p>\n\n\n\n<p>Zur Verf\u00fcgungsstellung der notwendigen Formulare f\u00fcr die rechtm\u00e4\u00dfige Anmeldung (Aupair Vertrag, Versicherung, <\/p>\n\n\n\n<p>AMS-Anzeige).<\/p>\n\n\n\n<p>Die Anreise der Aupair wird koordiniert.<\/p>\n\n\n\n<p>Vorbereitungsunterlagen f\u00fcr einen reibungslosen Start werden kostenlos zur Verf\u00fcgung gestellt.<\/p>\n\n\n\n<p>2. Der Vertrag ist seitens der Vermittlerin erf\u00fcllt, sobald die Aupair-Kraft<\/p>\n\n\n\n<p>bei der Gastfamilie eingetroffen ist. Die VermittlerIn schuldet nicht die zur Verf\u00fcgung<\/p>\n\n\n\n<p>Stellung einer Aupair-Kraft, insbesondere w\u00e4hrend des gesamten geplanten Aufenthalts.<\/p>\n\n\n\n<p>3. Erf\u00fcll die Aupair-Kraft innerhalb des ersten Monats ihre Pflichten nicht, ist die Gastfamilie berechtigt das Aupair-<\/p>\n\n\n\n<p>Verh\u00e4ltnis zul\u00f6sen. Die VermittlerIn bem\u00fcht sich in diesem Fall eine neue Aupair-Kraft kostenlos zu finden. Dies gilt nur<\/p>\n\n\n\n<p>einmal.<\/p>\n\n\n\n<p>4. Der\/die VermittlerIn verpflichtet sich die Gastfamilie w\u00e4hrend des ganzen Aufenthaltes zu betreuen.<\/p>\n\n\n\n<p><strong>\u00a7 5 Haftung\/Gew\u00e4hrleistung.<\/strong><\/p>\n\n\n\n<p>1. Die VermittlerIn leistet f\u00fcr die Richtigkeit oder \u00dcberpr\u00fcfung der von der zuk\u00fcnftigen Au-Pair-Kraft zur Verf\u00fcgung<\/p>\n\n\n\n<p>gestellten schriftlichen Informationen keine Gew\u00e4hr.<\/p>\n\n\n\n<p>2. Die VermittlerIn haftet nicht f\u00fcr Sch\u00e4den, die die Aupair-Kraft der Gastfamilie oder<\/p>\n\n\n\n<p>Dritten etwa durch Krankheit verursacht.<\/p>\n\n\n\n<p>3. Die VermittlerIn haftet nicht f\u00fcr Nachteile, die durch pl\u00f6tzliche Absage der Aupair-<\/p>\n\n\n\n<p>Kraft beispielsweise durch Ablehnung des Visums, oder f\u00fcr Aufwendungen f\u00fcr eine Ersatzkraft entstehen.<\/p>\n\n\n\n<p>4. Eine Haftung der Vermittlerin kommt nur bei grober Fahrl\u00e4ssigkeit oder Vorsatz in Betracht.<\/p>\n\n\n\n<p><strong>\u00a7 6 Datenschutz.<\/strong><\/p>\n\n\n\n<p>Die Gastfamilie ist damit einverstanden, dass die von dieser \u00fcbermittelten pers\u00f6nlichen Daten zur Abwicklung der <\/p>\n\n\n\n<p>Vermittlungst\u00e4tigkeit verarbeitet, an Dritte weitergeleitet und gespeichert werden, soweit dies im Rahmender <\/p>\n\n\n\n<p>Vermittlungs- und Betreuungst\u00e4tigkeit erforderlich ist.<\/p>\n\n\n\n<p><strong>\u00a7 7 Entgelt.<\/strong><\/p>\n\n\n\n<p>1. Die Gastfamilie ist bereit die anfallenden Kosten, wie in diesem Vertrag geregelt, zu<\/p>\n\n\n\n<p>\u00fcbernehmen.<\/p>\n\n\n\n<p>2. Die Vermittlungsagentur Childcare by Aupair wird nach Erhalt der Bearbeitungsgeb\u00fchr in H\u00f6he von \u20ac 90,00, sowie<\/p>\n\n\n\n<p>nach Erhalt den unterzeichneten <strong>Allgemeinen Gesch\u00e4ftsbedingungen<\/strong> von der Gastfamilie, welche auf der Homepage<\/p>\n\n\n\n<p> zur Verf\u00fcgung gestellt sind, t\u00e4tig.<\/p>\n\n\n\n<p>3. Die Gastfamilie erh\u00e4lt von der VermittlerIn bis 3 Vorschl\u00e4ge. Entscheidet sich die Gastfamilie f\u00fcr keinen dieser <\/p>\n\n\n\n<p>Vorschl\u00e4ge, verf\u00e4llt die Bearbeitungsgeb\u00fchr in der H\u00f6he von \u20ac 90,00.<\/p>\n\n\n\n<p>4. In dieser Phase k\u00f6nnen Sie \u00fcber die Agentur Childcare by Aupair einen Kontakt mit den Kandidaten aufnehmen. Sie<\/p>\n\n\n\n<p>entscheiden sich f\u00fcr ein Aupair. Wenn beide Seiten mit den Anforderungen einverstanden sind, kommt es zum Vertrag.<\/p>\n\n\n\n<p>5.Die Familie leistet eine Teilzahlung \u00fcber \u20ac 245,00. Die Anzahlung ist binnen 7 Tagen ab Vertragsabschluss auf das<\/p>\n\n\n\n<p>Konto der Vermittlerin bei der Sparrkasse Bank, IBAN: AT32 2060103400156083, BIC: SPBRAT2BXXX laufend auf Schreiber <\/p>\n\n\n\n<p>Nataliya Bsc zu bezahlen. Bei Zahlungsverzug erhebt die Agentur Childcare by Aupair eine 3,00 \u20ac Mahngeb\u00fchr zzgl. <\/p>\n\n\n\n<p>Verzugszins (5 % \u00fcber aktuellem Normalzins). Formulare und Antr\u00e4ge werden erstellt. Eine Versicherung wird <\/p>\n\n\n\n<p>abgeschlossen.<\/p>\n\n\n\n<p>6. Nach der erfolgreichen Genehmigung reist das Aupair ein. Die Reise wird von uns koordiniert. Die Familie bezahlt die<\/p>\n\n\n\n<p>zweite und letzte Teilzahlung in der H\u00f6he von \u20ac 245,00 auf das Konto der Vermittlerin bei der Sparrkasse Bank;<\/p>\n\n\n\n<p>IBAN: AT32 2060103400156083, BIC: SPBRAT2BXXX  .<\/p>\n\n\n\n<p>Die Vermittlung des Sommer Aupair\u00b4s und die volle Unterst\u00fctzung \/ Dokumenten \u00dcberpr\u00fcfung im Fall privat gefunden <\/p>\n\n\n\n<p>Aupair kostet Sie \u20ac 245,00. Die Bearbeitungsgeb\u00fchr in der H\u00f6he von \u20ac 90,00 bezahlen Sie gleich und den Rest nach der<\/p>\n\n\n\n<p>Anreise des Aupair\u00b4s.<\/p>\n\n\n\n<p><strong>\u00a7 8 R\u00fccktritt.<\/strong><\/p>\n\n\n\n<p>1. Tritt die Gastfamilie nach Aufnahme der Vermittlungst\u00e4tigkeit vom Vertrag zur\u00fcck, ist die Bearbeitungsgeb\u00fchr in der <\/p>\n\n\n\n<p>H\u00f6he von \u20ac 90,00 von der VermittlerIn nicht zur\u00fcck zu erstatten.<\/p>\n\n\n\n<p>2. Bei R\u00fccktritt der Gastfamilie nach \u00dcbermittlung von Daten einer Aupair-Kraft ist von<\/p>\n\n\n\n<p>der Gastfamilie das gesamte vereinbarte Entgelt zu leisten.<\/p>\n\n\n\n<p>3. Aupair-Wechsel (gilt f\u00fcr Aufenthalte ab 4 Monate)Sollte Sie Ihr Aupair innerhalb des ersten Monates verlassen oder<\/p>\n\n\n\n<p>Sie wechseln wollen, tauschen wir einmal kostenlos aus.<\/p>\n\n\n\n<p>Sonst gelten f\u00fcr eine Neuvermittlung folgende Rabatte:<\/p>\n\n\n\n<p>innerhalb von 2 Monaten minus 80%<\/p>\n\n\n\n<p>innerhalb von 3 Monaten minus 50%<\/p>\n\n\n\n<p>Alle Serviceleistungen gerechnet ab dem Einreisetag der (ersten) Aupair.<\/p>\n\n\n\n<p>F\u00fcr unsere Stammkunden (ab der zweiten Aupair Vermittlung) haben wir einen Rabatt in der H\u00f6he von 5% der <\/p>\n\n\n\n<p>Vermittlungshonorar.<\/p>\n\n\n\n<p><strong>\u00a7 9 Allgemeines.<\/strong><\/p>\n\n\n\n<p>1. \u00c4nderungen und Erg\u00e4nzungen zu diesem Vertrag bed\u00fcrfen der Schriftform.<\/p>\n\n\n\n<p>2. Nicht in dieser Vereinbarung angef\u00fchrte Leistungen werden nicht geschuldet.<\/p>\n\n\n\n<p>3. Der\/die f\u00fcr die Gastfamilie Unterzeichnende erkl\u00e4rt diesen Vertrag auch f\u00fcr den<\/p>\n\n\n\n<p>anderen Teil der Gasteltern zu unterfertigen und hierzu bevollm\u00e4chtigt zu sein. Die<\/p>\n\n\n\n<p>Gasteltern haften f\u00fcr die Verpflichtungen aus diesem Vertrag solidarisch.<\/p>\n\n\n\n<p>Ich erkl\u00e4re, die Gesch\u00e4ftsbedingungen, gelesen zu haben und zu akzeptieren. Ich wei\u00df \u00fcber meine Pflichten als <\/p>\n\n\n\n<p>Gastfamilie bescheid und kenne meine Rechte (R\u00fccktrittsrecht, Recht auf Aupair-Wechsel, etc.) und die vereinbarten <\/p>\n\n\n\n<p>Leistungen der Agentur aus dieser Vermittlungsvereinbarung.<\/p>\n\n\n\n<p>F\u00fcr die Familie<\/p>\n\n\n\n<p>Name: ___________________________________________________ <\/p>\n\n\n\n<p>Strasse:__________________________________________________<\/p>\n\n\n\n<p>Ort: _____________________________________________________<\/p>\n\n\n\n<p>Telefonnummer: ___________________________________________<\/p>\n\n\n\n<p>E-Mail-Adresse: ___________________________________________<\/p>\n\n\n\n<p>Unterschrift: ______________________________________________<\/p>\n\n\n\n<p>F\u00fcr die Childcare by Aupair Agentur<\/p>\n\n\n\n<p>Name: Schreiber Nataliya Bsc<\/p>\n\n\n\n<p>Stra\u00dfe: Langenstegstra\u00dfe 43a <\/p>\n\n\n\n<p>Ort: 6971-Hard\/Vorarlberg<\/p>\n\n\n\n<p>Telefonnummer:  +43(0)6767805750 <\/p>\n\n\n\n<p>E-Mail-Adresse: <a href=\"mailto:in**@***************ir.com\" data-original-string=\"\/SoSRWrEr347QufTmWEDvQ==064COIDQVyaQtU2\/R\/iD8IruRAcKWFgzV4G0NIqNH19ICE=\" title=\"\u042d\u0442\u043e\u0442 \u043a\u043e\u043d\u0442\u0430\u043a\u0442 \u0437\u0430\u043a\u043e\u0434\u0438\u0440\u043e\u0432\u0430\u043d \u043f\u043b\u0430\u0433\u0438\u043d\u043e\u043c Anti-Spam by CleanTalk. \u041d\u0430\u0436\u043c\u0438\u0442\u0435 \u043d\u0430 \u0442\u0435\u043a\u0441\u0442 \u0434\u043b\u044f \u0434\u0435\u043a\u043e\u0434\u0438\u0440\u043e\u0432\u0430\u043d\u0438\u044f. \u0422\u0430\u043a\u0436\u0435 \u0443\u0431\u0435\u0434\u0438\u0442\u0435\u0441\u044c, \u0447\u0442\u043e \u0432 \u0432\u0430\u0448\u0435\u043c \u0431\u0440\u0430\u0443\u0437\u0435\u0440\u0435 \u0432\u043a\u043b\u044e\u0447\u0451\u043d JavaScript.\"><span \n                data-original-string='DI4gKZu2aq5jr6vZQ73w1w==064zbHTjsWptKe7fiK86IY5kDnJB7mv+nNBI1eAKhjyjfc='\n                class='apbct-email-encoder'\n                title='\u042d\u0442\u043e\u0442 \u043a\u043e\u043d\u0442\u0430\u043a\u0442 \u0437\u0430\u043a\u043e\u0434\u0438\u0440\u043e\u0432\u0430\u043d \u043f\u043b\u0430\u0433\u0438\u043d\u043e\u043c Anti-Spam by CleanTalk. \u041d\u0430\u0436\u043c\u0438\u0442\u0435 \u043d\u0430 \u0442\u0435\u043a\u0441\u0442 \u0434\u043b\u044f \u0434\u0435\u043a\u043e\u0434\u0438\u0440\u043e\u0432\u0430\u043d\u0438\u044f. \u0422\u0430\u043a\u0436\u0435 \u0443\u0431\u0435\u0434\u0438\u0442\u0435\u0441\u044c, \u0447\u0442\u043e \u0432 \u0432\u0430\u0448\u0435\u043c \u0431\u0440\u0430\u0443\u0437\u0435\u0440\u0435 \u0432\u043a\u043b\u044e\u0447\u0451\u043d JavaScript.'>in<span class=\"apbct-blur\">**<\/span>@<span class=\"apbct-blur\">***************<\/span>ir.com<\/span><\/a><\/p>\n\n\n\n<p>Unterschrift: ______________________________________________<\/p>\n","protected":false},"excerpt":{"rendered":"<p>Allgemeine Gesch\u00e4ftsbedingungen Pr\u00e4ambel. Diese allgemeine Gesch\u00e4ftsbedingungen (nachfolgend \u201eAGB\u201c genannt) sind Bestandteil der Vermittlung eines Aupair Bewerbers\/einer Aupair Bewerberin (nachfolgend \u201eAupair\u201c genannt) an eine Gastfamilie (nachfolgend weiterhin \u201eGastfamilie\u201c genannt) \u00fcber Agentur Childcare by Aupair , Schreiber Nataliya, Langenstegstra\u00dfe 43a, 6971 \u2013 Hard (nachfolgend \u201eAgentur\u201c genannt). \u00a7 1 Geltungsbereich, Begriffsbestimmungen. F\u00fcr die Gesch\u00e4ftsbeziehung zwischen der Agentur und [&hellip;]<\/p>\n","protected":false},"author":1,"featured_media":1957,"parent":0,"menu_order":0,"comment_status":"closed","ping_status":"closed","template":"","meta":{"footnotes":""},"class_list":["post-903","page","type-page","status-publish","has-post-thumbnail","hentry"],"yoast_head":"<!-- This site is optimized with the Yoast SEO plugin v27.0 - https:\/\/yoast.com\/product\/yoast-seo-wordpress\/ -->\n<title>AGB - Childcare by Aupair<\/title>\n<meta name=\"robots\" content=\"index, follow, max-snippet:-1, max-image-preview:large, max-video-preview:-1\" \/>\n<link rel=\"canonical\" href=\"https:\/\/childcarebyaupair.com\/ru\/agb-ru\/\" \/>\n<meta property=\"og:locale\" content=\"ru_RU\" \/>\n<meta property=\"og:type\" content=\"article\" \/>\n<meta property=\"og:title\" content=\"AGB - Childcare by Aupair\" \/>\n<meta property=\"og:description\" content=\"Allgemeine Gesch\u00e4ftsbedingungen Pr\u00e4ambel. Diese allgemeine Gesch\u00e4ftsbedingungen (nachfolgend \u201eAGB\u201c genannt) sind Bestandteil der Vermittlung eines Aupair Bewerbers\/einer Aupair Bewerberin (nachfolgend \u201eAupair\u201c genannt) an eine Gastfamilie (nachfolgend weiterhin \u201eGastfamilie\u201c genannt) \u00fcber Agentur Childcare by Aupair , Schreiber Nataliya, Langenstegstra\u00dfe 43a, 6971 \u2013 Hard (nachfolgend \u201eAgentur\u201c genannt). \u00a7 1 Geltungsbereich, Begriffsbestimmungen. F\u00fcr die Gesch\u00e4ftsbeziehung zwischen der Agentur und [&hellip;]\" \/>\n<meta property=\"og:url\" content=\"https:\/\/childcarebyaupair.com\/ru\/agb-ru\/\" \/>\n<meta property=\"og:site_name\" content=\"Childcare by Aupair\" \/>\n<meta property=\"article:modified_time\" content=\"2025-06-24T13:10:41+00:00\" \/>\n<meta property=\"og:image\" content=\"https:\/\/childcarebyaupair.com\/wp-content\/uploads\/2021\/08\/1562571058-3.jpg\" \/>\n\t<meta property=\"og:image:width\" content=\"2500\" \/>\n\t<meta property=\"og:image:height\" content=\"1667\" \/>\n\t<meta property=\"og:image:type\" content=\"image\/jpeg\" \/>\n<meta name=\"twitter:card\" content=\"summary_large_image\" \/>\n<meta name=\"twitter:label1\" content=\"\u041f\u0440\u0438\u043c\u0435\u0440\u043d\u043e\u0435 \u0432\u0440\u0435\u043c\u044f \u0434\u043b\u044f \u0447\u0442\u0435\u043d\u0438\u044f\" \/>\n\t<meta name=\"twitter:data1\" content=\"7 \u043c\u0438\u043d\u0443\u0442\" \/>\n<script type=\"application\/ld+json\" class=\"yoast-schema-graph\">{\"@context\":\"https:\/\/schema.org\",\"@graph\":[{\"@type\":\"WebPage\",\"@id\":\"https:\/\/childcarebyaupair.com\/ru\/agb-ru\/\",\"url\":\"https:\/\/childcarebyaupair.com\/ru\/agb-ru\/\",\"name\":\"AGB - Childcare by Aupair\",\"isPartOf\":{\"@id\":\"https:\/\/childcarebyaupair.com\/ru\/#website\"},\"primaryImageOfPage\":{\"@id\":\"https:\/\/childcarebyaupair.com\/ru\/agb-ru\/#primaryimage\"},\"image\":{\"@id\":\"https:\/\/childcarebyaupair.com\/ru\/agb-ru\/#primaryimage\"},\"thumbnailUrl\":\"https:\/\/childcarebyaupair.com\/wp-content\/uploads\/2021\/08\/1562571058-3.jpg\",\"datePublished\":\"2021-07-14T14:52:26+00:00\",\"dateModified\":\"2025-06-24T13:10:41+00:00\",\"breadcrumb\":{\"@id\":\"https:\/\/childcarebyaupair.com\/ru\/agb-ru\/#breadcrumb\"},\"inLanguage\":\"ru-RU\",\"potentialAction\":[{\"@type\":\"ReadAction\",\"target\":[\"https:\/\/childcarebyaupair.com\/ru\/agb-ru\/\"]}]},{\"@type\":\"ImageObject\",\"inLanguage\":\"ru-RU\",\"@id\":\"https:\/\/childcarebyaupair.com\/ru\/agb-ru\/#primaryimage\",\"url\":\"https:\/\/childcarebyaupair.com\/wp-content\/uploads\/2021\/08\/1562571058-3.jpg\",\"contentUrl\":\"https:\/\/childcarebyaupair.com\/wp-content\/uploads\/2021\/08\/1562571058-3.jpg\",\"width\":2500,\"height\":1667},{\"@type\":\"BreadcrumbList\",\"@id\":\"https:\/\/childcarebyaupair.com\/ru\/agb-ru\/#breadcrumb\",\"itemListElement\":[{\"@type\":\"ListItem\",\"position\":1,\"name\":\"Hauptseite\",\"item\":\"https:\/\/childcarebyaupair.com\/ru\/\"},{\"@type\":\"ListItem\",\"position\":2,\"name\":\"AGB\"}]},{\"@type\":\"WebSite\",\"@id\":\"https:\/\/childcarebyaupair.com\/ru\/#website\",\"url\":\"https:\/\/childcarebyaupair.com\/ru\/\",\"name\":\"Childcare by Aupair\",\"description\":\"\",\"potentialAction\":[{\"@type\":\"SearchAction\",\"target\":{\"@type\":\"EntryPoint\",\"urlTemplate\":\"https:\/\/childcarebyaupair.com\/ru\/?s={search_term_string}\"},\"query-input\":{\"@type\":\"PropertyValueSpecification\",\"valueRequired\":true,\"valueName\":\"search_term_string\"}}],\"inLanguage\":\"ru-RU\"}]}<\/script>\n<!-- \/ Yoast SEO plugin. -->","yoast_head_json":{"title":"AGB - Childcare by Aupair","robots":{"index":"index","follow":"follow","max-snippet":"max-snippet:-1","max-image-preview":"max-image-preview:large","max-video-preview":"max-video-preview:-1"},"canonical":"https:\/\/childcarebyaupair.com\/ru\/agb-ru\/","og_locale":"ru_RU","og_type":"article","og_title":"AGB - Childcare by Aupair","og_description":"Allgemeine Gesch\u00e4ftsbedingungen Pr\u00e4ambel. Diese allgemeine Gesch\u00e4ftsbedingungen (nachfolgend \u201eAGB\u201c genannt) sind Bestandteil der Vermittlung eines Aupair Bewerbers\/einer Aupair Bewerberin (nachfolgend \u201eAupair\u201c genannt) an eine Gastfamilie (nachfolgend weiterhin \u201eGastfamilie\u201c genannt) \u00fcber Agentur Childcare by Aupair , Schreiber Nataliya, Langenstegstra\u00dfe 43a, 6971 \u2013 Hard (nachfolgend \u201eAgentur\u201c genannt). \u00a7 1 Geltungsbereich, Begriffsbestimmungen. F\u00fcr die Gesch\u00e4ftsbeziehung zwischen der Agentur und [&hellip;]","og_url":"https:\/\/childcarebyaupair.com\/ru\/agb-ru\/","og_site_name":"Childcare by Aupair","article_modified_time":"2025-06-24T13:10:41+00:00","og_image":[{"width":2500,"height":1667,"url":"https:\/\/childcarebyaupair.com\/wp-content\/uploads\/2021\/08\/1562571058-3.jpg","type":"image\/jpeg"}],"twitter_card":"summary_large_image","twitter_misc":{"\u041f\u0440\u0438\u043c\u0435\u0440\u043d\u043e\u0435 \u0432\u0440\u0435\u043c\u044f \u0434\u043b\u044f \u0447\u0442\u0435\u043d\u0438\u044f":"7 \u043c\u0438\u043d\u0443\u0442"},"schema":{"@context":"https:\/\/schema.org","@graph":[{"@type":"WebPage","@id":"https:\/\/childcarebyaupair.com\/ru\/agb-ru\/","url":"https:\/\/childcarebyaupair.com\/ru\/agb-ru\/","name":"AGB - Childcare by Aupair","isPartOf":{"@id":"https:\/\/childcarebyaupair.com\/ru\/#website"},"primaryImageOfPage":{"@id":"https:\/\/childcarebyaupair.com\/ru\/agb-ru\/#primaryimage"},"image":{"@id":"https:\/\/childcarebyaupair.com\/ru\/agb-ru\/#primaryimage"},"thumbnailUrl":"https:\/\/childcarebyaupair.com\/wp-content\/uploads\/2021\/08\/1562571058-3.jpg","datePublished":"2021-07-14T14:52:26+00:00","dateModified":"2025-06-24T13:10:41+00:00","breadcrumb":{"@id":"https:\/\/childcarebyaupair.com\/ru\/agb-ru\/#breadcrumb"},"inLanguage":"ru-RU","potentialAction":[{"@type":"ReadAction","target":["https:\/\/childcarebyaupair.com\/ru\/agb-ru\/"]}]},{"@type":"ImageObject","inLanguage":"ru-RU","@id":"https:\/\/childcarebyaupair.com\/ru\/agb-ru\/#primaryimage","url":"https:\/\/childcarebyaupair.com\/wp-content\/uploads\/2021\/08\/1562571058-3.jpg","contentUrl":"https:\/\/childcarebyaupair.com\/wp-content\/uploads\/2021\/08\/1562571058-3.jpg","width":2500,"height":1667},{"@type":"BreadcrumbList","@id":"https:\/\/childcarebyaupair.com\/ru\/agb-ru\/#breadcrumb","itemListElement":[{"@type":"ListItem","position":1,"name":"Hauptseite","item":"https:\/\/childcarebyaupair.com\/ru\/"},{"@type":"ListItem","position":2,"name":"AGB"}]},{"@type":"WebSite","@id":"https:\/\/childcarebyaupair.com\/ru\/#website","url":"https:\/\/childcarebyaupair.com\/ru\/","name":"Childcare by Aupair","description":"","potentialAction":[{"@type":"SearchAction","target":{"@type":"EntryPoint","urlTemplate":"https:\/\/childcarebyaupair.com\/ru\/?s={search_term_string}"},"query-input":{"@type":"PropertyValueSpecification","valueRequired":true,"valueName":"search_term_string"}}],"inLanguage":"ru-RU"}]}},"_links":{"self":[{"href":"https:\/\/childcarebyaupair.com\/ru\/wp-json\/wp\/v2\/pages\/903","targetHints":{"allow":["GET"]}}],"collection":[{"href":"https:\/\/childcarebyaupair.com\/ru\/wp-json\/wp\/v2\/pages"}],"about":[{"href":"https:\/\/childcarebyaupair.com\/ru\/wp-json\/wp\/v2\/types\/page"}],"author":[{"embeddable":true,"href":"https:\/\/childcarebyaupair.com\/ru\/wp-json\/wp\/v2\/users\/1"}],"replies":[{"embeddable":true,"href":"https:\/\/childcarebyaupair.com\/ru\/wp-json\/wp\/v2\/comments?post=903"}],"version-history":[{"count":11,"href":"https:\/\/childcarebyaupair.com\/ru\/wp-json\/wp\/v2\/pages\/903\/revisions"}],"predecessor-version":[{"id":2390,"href":"https:\/\/childcarebyaupair.com\/ru\/wp-json\/wp\/v2\/pages\/903\/revisions\/2390"}],"wp:featuredmedia":[{"embeddable":true,"href":"https:\/\/childcarebyaupair.com\/ru\/wp-json\/wp\/v2\/media\/1957"}],"wp:attachment":[{"href":"https:\/\/childcarebyaupair.com\/ru\/wp-json\/wp\/v2\/media?parent=903"}],"curies":[{"name":"wp","href":"https:\/\/api.w.org\/{rel}","templated":true}]}}