{"id":970,"date":"2021-07-14T19:38:55","date_gmt":"2021-07-14T16:38:55","guid":{"rendered":"https:\/\/childcarebyaupair.com\/?page_id=970"},"modified":"2024-10-25T11:40:49","modified_gmt":"2024-10-25T08:40:49","slug":"bewerbungsformular-ru","status":"publish","type":"page","link":"https:\/\/childcarebyaupair.com\/ru\/dlya-au-pair\/bewerbungsformular-ru\/","title":{"rendered":"\u0424\u043e\u0440\u043c\u0430 \u0437\u0430\u044f\u0432\u043a\u0438"},"content":{"rendered":"\n\n<div class=\"wpcf7 no-js\" id=\"wpcf7-f2324-o1\" lang=\"de-DE\" dir=\"ltr\" data-wpcf7-id=\"2324\">\n<div class=\"screen-reader-response\"><p role=\"status\" aria-live=\"polite\" aria-atomic=\"true\"><\/p> <ul><\/ul><\/div>\n<form action=\"\/ru\/wp-json\/wp\/v2\/pages\/970#wpcf7-f2324-o1\" method=\"post\" class=\"wpcf7-form init\" aria-label=\"Kontaktformular\" novalidate=\"novalidate\" data-status=\"init\">\n<fieldset class=\"hidden-fields-container\"><input type=\"hidden\" name=\"_wpcf7\" value=\"2324\" \/><input type=\"hidden\" name=\"_wpcf7_version\" value=\"6.1.5\" \/><input type=\"hidden\" name=\"_wpcf7_locale\" value=\"de_DE\" \/><input type=\"hidden\" name=\"_wpcf7_unit_tag\" value=\"wpcf7-f2324-o1\" \/><input type=\"hidden\" name=\"_wpcf7_container_post\" value=\"0\" \/><input type=\"hidden\" name=\"_wpcf7_posted_data_hash\" value=\"\" \/><input type=\"hidden\" name=\"_cf_logic\" value=\"\" \/>\n<\/fieldset>\n<h2 class=\"form__subtitle form__subtitle--marg\"> Aupair:\n<\/h2>\n<div class=\"form__block\">\n\t<div class=\"form__line form__line--marg\">\n\t\t<p><label class=\"form__label\"><span>Familienname (Surname):<\/span><br \/>\n<span class=\"wpcf7-form-control-wrap\" data-name=\"Familienname\"><input size=\"40\" maxlength=\"400\" class=\"wpcf7-form-control wpcf7-text wpcf7-validates-as-required input\" aria-required=\"true\" aria-invalid=\"false\" placeholder=\"Familienname\" value=\"\" type=\"text\" name=\"Familienname\" \/><\/span><br \/>\n<\/label><label class=\"form__label\"><span>Vorname (Name):<\/span><br \/>\n<span class=\"wpcf7-form-control-wrap\" data-name=\"Vorname\"><input size=\"40\" maxlength=\"400\" class=\"wpcf7-form-control wpcf7-text wpcf7-validates-as-required input\" aria-required=\"true\" aria-invalid=\"false\" placeholder=\"Vorname\" value=\"\" type=\"text\" name=\"Vorname\" \/><\/span><br \/>\n<\/label>\n\t\t<\/p>\n\t<\/div>\n\t<div class=\"form__line form__line--marg\">\n\t\t<p><label class=\"form__label\"><span>Geburtsdatum (date of birth):<\/span><br \/>\n<span class=\"wpcf7-form-control-wrap\" data-name=\"dop1\"><input size=\"40\" maxlength=\"400\" class=\"wpcf7-form-control wpcf7-text input\" aria-invalid=\"false\" placeholder=\"Geburtsdatum\" value=\"\" type=\"text\" name=\"dop1\" \/><\/span><br \/>\n<\/label><label class=\"form__label\"><span>Geburtsort (place of birth):<\/span><br \/>\n<span class=\"wpcf7-form-control-wrap\" data-name=\"dop2\"><input size=\"40\" maxlength=\"400\" class=\"wpcf7-form-control wpcf7-text input\" aria-invalid=\"false\" placeholder=\"Geburtsort\" value=\"\" type=\"text\" name=\"dop2\" \/><\/span><br \/>\n<\/label>\n\t\t<\/p>\n\t<\/div>\n\t<div class=\"form__line form__line--marg\">\n\t\t<p><label class=\"form__label\"><span> Telefonnummer (telephone):<\/span><br \/>\n<span class=\"wpcf7-form-control-wrap\" data-name=\"Telefon\"><input size=\"40\" maxlength=\"400\" class=\"wpcf7-form-control wpcf7-tel wpcf7-validates-as-required wpcf7-text wpcf7-validates-as-tel input\" aria-required=\"true\" aria-invalid=\"false\" placeholder=\"Telephone number\" value=\"\" type=\"tel\" name=\"Telefon\" \/><\/span><br \/>\n<\/label>\n\t\t<\/p>\n\t<\/div>\n\t<div class=\"form__line form__line--marg\">\n\t\t<p><label class=\"form__label\"><span>E-Mail:<\/span><br \/>\n<span class=\"wpcf7-form-control-wrap\" data-name=\"email\"><input size=\"40\" maxlength=\"400\" class=\"wpcf7-form-control wpcf7-email wpcf7-validates-as-required wpcf7-text wpcf7-validates-as-email input\" aria-required=\"true\" aria-invalid=\"false\" placeholder=\"email\" value=\"\" type=\"email\" name=\"email\" \/><\/span><br \/>\n<\/label>\n\t\t<\/p>\n\t<\/div>\n\t<div class=\"form__line form__line--marg\">\n\t\t<p><label class=\"form__label\"><span>Beruf (profession):<\/span><br \/>\n<span class=\"wpcf7-form-control-wrap\" data-name=\"dop3\"><input size=\"40\" maxlength=\"400\" class=\"wpcf7-form-control wpcf7-text input\" aria-invalid=\"false\" placeholder=\"Beruf\" value=\"\" type=\"text\" name=\"dop3\" \/><\/span><br \/>\n<\/label>\n\t\t<\/p>\n\t<\/div>\n\t<div class=\"form__line form__line--marg\">\n\t\t<p><label class=\"form__label\"><span>Staatsangeh\u00f6rigkeit (nationality):<\/span><br \/>\n<span class=\"wpcf7-form-control-wrap\" data-name=\"dop4\"><input size=\"40\" maxlength=\"400\" class=\"wpcf7-form-control wpcf7-text input\" aria-invalid=\"false\" placeholder=\"Staatsangeh\u00f6rigkeit\" value=\"\" type=\"text\" name=\"dop4\" \/><\/span><br \/>\n<\/label><label class=\"form__label\"><span>Religion (religion):<\/span><br \/>\n<span class=\"wpcf7-form-control-wrap\" data-name=\"dop5\"><input size=\"40\" maxlength=\"400\" class=\"wpcf7-form-control wpcf7-text input\" aria-invalid=\"false\" placeholder=\"Religion\" value=\"\" type=\"text\" name=\"dop5\" \/><\/span><br \/>\n<\/label>\n\t\t<\/p>\n\t<\/div>\n\t<div class=\"form__line form__line--marg\">\n\t\t<p><label class=\"form__label\"><span> Passnummer (Passport number):<\/span><br \/>\n<span class=\"wpcf7-form-control-wrap\" data-name=\"dop6\"><input size=\"40\" maxlength=\"400\" class=\"wpcf7-form-control wpcf7-text input\" aria-invalid=\"false\" placeholder=\"Passport number\" value=\"\" type=\"text\" name=\"dop6\" \/><\/span><br \/>\n<\/label>\n\t\t<\/p>\n\t<\/div>\n\t<h2 class=\"form__subtitle form__subtitle--marg\"> Adresse:\n\t<\/h2>\n\t<div class=\"form__line form__line--marg\">\n\t\t<p><label class=\"form__label form__label--2span\"><span>Stra\u00dfe und Haus\/Wohnungsnummer (street and home or flat number):<\/span><br \/>\n<span class=\"wpcf7-form-control-wrap\" data-name=\"StraeundHausWohnungsnummer\"><input size=\"40\" maxlength=\"400\" class=\"wpcf7-form-control wpcf7-text wpcf7-validates-as-required input\" aria-required=\"true\" aria-invalid=\"false\" placeholder=\"Stra\u00dfe und Haus\/Wohnungsnummer\" value=\"\" type=\"text\" name=\"StraeundHausWohnungsnummer\" \/><\/span><br \/>\n<\/label>\n\t\t<\/p>\n\t<\/div>\n\t<div class=\"form__line form__line--marg\">\n\t\t<p><label class=\"form__label\"><span> PLZ (Zip Code):<\/span><br \/>\n<span class=\"wpcf7-form-control-wrap\" data-name=\"dop7\"><input size=\"40\" maxlength=\"400\" class=\"wpcf7-form-control wpcf7-text input\" aria-invalid=\"false\" placeholder=\"Zip Code\" value=\"\" type=\"text\" name=\"dop7\" \/><\/span><br \/>\n<\/label>\n\t\t<\/p>\n\t<\/div>\n\t<div class=\"form__line form__line--marg\">\n\t\t<p><label class=\"form__label\"><span> Ort (City):<br \/>\n<\/span><br \/>\n<span class=\"wpcf7-form-control-wrap\" data-name=\"dop8\"><input size=\"40\" maxlength=\"400\" class=\"wpcf7-form-control wpcf7-text input\" aria-invalid=\"false\" placeholder=\"City\" value=\"\" type=\"text\" name=\"dop8\" \/><\/span><br \/>\n<\/label>\n\t\t<\/p>\n\t<\/div>\n\t<div class=\"form__line form__line--marg\">\n\t\t<p><label class=\"form__label\"><span> Land (Country):<br \/>\n<\/span><br \/>\n<span class=\"wpcf7-form-control-wrap\" data-name=\"dop9\"><input size=\"40\" maxlength=\"400\" class=\"wpcf7-form-control wpcf7-text input\" aria-invalid=\"false\" placeholder=\"Country\" value=\"\" type=\"text\" name=\"dop9\" \/><\/span><br \/>\n<\/label>\n\t\t<\/p>\n\t<\/div>\n\t<div class=\"form__line form__line--marg\">\n\t\t<p><label class=\"form__label form__label--2span\"><span> Familienstand (Marital status):<br \/>\n<\/span><br \/>\n<span class=\"wpcf7-form-control-wrap\" data-name=\"Familienstand\"><input size=\"40\" maxlength=\"400\" class=\"wpcf7-form-control wpcf7-text input\" aria-invalid=\"false\" placeholder=\"Marital status\" value=\"\" type=\"text\" name=\"Familienstand\" \/><\/span><br \/>\n<\/label>\n\t\t<\/p>\n\t<\/div>\n\t<div class=\"form__line form__line--marg\">\n\t\t<p><label class=\"form__label form__label--2span\"><span> Hast du eigene Kinder (Do you have children?):<br \/>\n<\/span><br \/>\n<span class=\"wpcf7-form-control-wrap\" data-name=\"HastdueigeneKinder\"><input size=\"40\" maxlength=\"400\" class=\"wpcf7-form-control wpcf7-text input\" aria-invalid=\"false\" placeholder=\"Do you have children?\" value=\"\" type=\"text\" name=\"HastdueigeneKinder\" \/><\/span><br \/>\n<\/label>\n\t\t<\/p>\n\t<\/div>\n\t<div class=\"form__line form__line--marg\">\n\t\t<p><label class=\"form__label form__label--2span\"><span> Welche Sprachen sprichst du und wie gut? (What languages do you speak and how well?)<br \/>\n<\/span><br \/>\n<span class=\"wpcf7-form-control-wrap\" data-name=\"WelcheSprachensprichstdu\"><input size=\"40\" maxlength=\"400\" class=\"wpcf7-form-control wpcf7-text input\" aria-invalid=\"false\" placeholder=\"What languages do you speak and how well?\" value=\"\" type=\"text\" name=\"WelcheSprachensprichstdu\" \/><\/span><br \/>\n<\/label>\n\t\t<\/p>\n\t<\/div>\n\t<div class=\"form__line form__line--marg\">\n\t\t<p><label class=\"form__label form__label--2span\"><span> Ab wann fr\u00fchestens m\u00f6chtest du als Aupair t\u00e4tig sein (Datum)? (When would you like to start working as an Aupair at the earliest?)<br \/>\n<\/span><br \/>\n<span class=\"wpcf7-form-control-wrap\" data-name=\"Abwannfrhestensmchtestdu\"><input size=\"40\" maxlength=\"400\" class=\"wpcf7-form-control wpcf7-text input\" aria-invalid=\"false\" placeholder=\"When would you like to start working as an Aupair at the earliest?\" value=\"\" type=\"text\" name=\"Abwannfrhestensmchtestdu\" \/><\/span><br \/>\n<\/label>\n\t\t<\/p>\n\t<\/div>\n\t<div class=\"form__line form__line--marg\">\n\t\t<p><label class=\"form__label form__label--2span\"><span> Kannst du kochen?(Can you cook?)<br \/>\n<\/span><br \/>\n<span class=\"wpcf7-form-control-wrap\" data-name=\"Kannstdukochen\"><input size=\"40\" maxlength=\"400\" class=\"wpcf7-form-control wpcf7-text input\" aria-invalid=\"false\" placeholder=\"Can you cook?\" value=\"\" type=\"text\" name=\"Kannstdukochen\" \/><\/span><br \/>\n<\/label>\n\t\t<\/p>\n\t<\/div>\n\t<div class=\"form__line form__line--marg\">\n\t\t<p><label class=\"form__label form__label--2span\"><span> Bist du mit Hausarbeiten vertraut? (Can you make a housework?)<br \/>\n<\/span><br \/>\n<span class=\"wpcf7-form-control-wrap\" data-name=\"BistdumitHausarbeiten\"><input size=\"40\" maxlength=\"400\" class=\"wpcf7-form-control wpcf7-text input\" aria-invalid=\"false\" placeholder=\"Can you make a housework?\" value=\"\" type=\"text\" name=\"BistdumitHausarbeiten\" \/><\/span><br \/>\n<\/label>\n\t\t<\/p>\n\t<\/div>\n\t<div class=\"form__line form__line--marg\">\n\t\t<p><label class=\"form__label form__label--2span\"><span> Hast du Allergien?(Do you have any allergies?)<br \/>\n<\/span><br \/>\n<span class=\"wpcf7-form-control-wrap\" data-name=\"HastduAllergien\"><input size=\"40\" maxlength=\"400\" class=\"wpcf7-form-control wpcf7-text input\" aria-invalid=\"false\" placeholder=\"Do you have any allergies?\" value=\"\" type=\"text\" name=\"HastduAllergien\" \/><\/span><br \/>\n<\/label>\n\t\t<\/p>\n\t<\/div>\n\t<div class=\"form__line form__line--marg\">\n\t\t<p><label class=\"form__label form__label--2span\"><span> Machst du Di\u00e4ten (z.B. Vegetarier) (Do you follow a diet (e.g. vegetarian)?)<br \/>\n<\/span><br \/>\n<span class=\"wpcf7-form-control-wrap\" data-name=\"MachstduDiten\"><input size=\"40\" maxlength=\"400\" class=\"wpcf7-form-control wpcf7-text input\" aria-invalid=\"false\" placeholder=\"Do you follow a diet (e.g. vegetarian)?\" value=\"\" type=\"text\" name=\"MachstduDiten\" \/><\/span><br \/>\n<\/label>\n\t\t<\/p>\n\t<\/div>\n\t<div class=\"form__line form__line--marg\">\n\t\t<p><label class=\"form__label form__label--2span\"><span> Rauchst du?( (Do you smoke?)<br \/>\n<\/span><br \/>\n<span class=\"wpcf7-form-control-wrap\" data-name=\"Rauchstdu\"><input size=\"40\" maxlength=\"400\" class=\"wpcf7-form-control wpcf7-text input\" aria-invalid=\"false\" placeholder=\"Do you smoke?\" value=\"\" type=\"text\" name=\"Rauchstdu\" \/><\/span><br \/>\n<\/label>\n\t\t<\/p>\n\t<\/div>\n\t<div class=\"form__line form__line--marg\">\n\t\t<p><label class=\"form__label form__label--2span\"><span> Kannst du schwimmen? (Can you swim)?<br \/>\n<\/span><br \/>\n<span class=\"wpcf7-form-control-wrap\" data-name=\"Kannstduschwimmen\"><input size=\"40\" maxlength=\"400\" class=\"wpcf7-form-control wpcf7-text input\" aria-invalid=\"false\" placeholder=\"Can you swim?\" value=\"\" type=\"text\" name=\"Kannstduschwimmen\" \/><\/span><br \/>\n<\/label>\n\t\t<\/p>\n\t<\/div>\n\t<div class=\"form__line form__line--marg\">\n\t\t<p><label class=\"form__label form__label--2span\"><span> Kannst du Fahrrad fahren?(Can you ride a bike?)<br \/>\n<\/span><br \/>\n<span class=\"wpcf7-form-control-wrap\" data-name=\"KannstduFahrradfahren\"><input size=\"40\" maxlength=\"400\" class=\"wpcf7-form-control wpcf7-text input\" aria-invalid=\"false\" placeholder=\"Can you ride a bike?\" value=\"\" type=\"text\" name=\"KannstduFahrradfahren\" \/><\/span><br \/>\n<\/label>\n\t\t<\/p>\n\t<\/div>\n\t<div class=\"form__line form__line--marg\">\n\t\t<p><label class=\"form__label form__label--2span\"><span> Hast du einen F\u00fchrerschein? (Do you have a driver\u00b4s license?)<br \/>\n<\/span><br \/>\n<span class=\"wpcf7-form-control-wrap\" data-name=\"HastdueinenFhrerschein\"><input size=\"40\" maxlength=\"400\" class=\"wpcf7-form-control wpcf7-text input\" aria-invalid=\"false\" placeholder=\"Do you have a driver\u00b4s license?\" value=\"\" type=\"text\" name=\"HastdueinenFhrerschein\" \/><\/span><br \/>\n<\/label>\n\t\t<\/p>\n\t<\/div>\n\t<div class=\"form__line form__line--marg\">\n\t\t<p><label class=\"form__label form__label--2span\"><span> Bist du vorbestraft? (Do you have a criminal record?)<br \/>\n<\/span><br \/>\n<span class=\"wpcf7-form-control-wrap\" data-name=\"Bistduvorbestraft\"><input size=\"40\" maxlength=\"400\" class=\"wpcf7-form-control wpcf7-text input\" aria-invalid=\"false\" placeholder=\"Do you have a criminal record?\" value=\"\" type=\"text\" name=\"Bistduvorbestraft\" \/><\/span><br \/>\n<\/label>\n\t\t<\/p>\n\t<\/div>\n\t<div class=\"form__line form__line--marg\">\n\t\t<p><label class=\"form__label form__label--2span\"><span> Hast du irgendwelche Krankheiten oder Beschwerden? (Do you have any illnesses or complaints?)<br \/>\n<\/span><br \/>\n<span class=\"wpcf7-form-control-wrap\" data-name=\"HastduirgendwelcheKrankheitenoder\"><input size=\"40\" maxlength=\"400\" class=\"wpcf7-form-control wpcf7-text input\" aria-invalid=\"false\" placeholder=\"Do you have any illnesses or complaints?\" value=\"\" type=\"text\" name=\"HastduirgendwelcheKrankheitenoder\" \/><\/span><br \/>\n<\/label>\n\t\t<\/p>\n\t<\/div>\n\t<div class=\"form__line form__line--marg\">\n\t\t<p><label class=\"form__label form__label--2span\"><span> Nimmst du Medikamenten? (Are you taking medication?)<br \/>\n<\/span><br \/>\n<span class=\"wpcf7-form-control-wrap\" data-name=\"NimmstduMedikamenten\"><input size=\"40\" maxlength=\"400\" class=\"wpcf7-form-control wpcf7-text input\" aria-invalid=\"false\" placeholder=\"Are you taking medication?\" value=\"\" type=\"text\" name=\"NimmstduMedikamenten\" \/><\/span><br \/>\n<\/label>\n\t\t<\/p>\n\t<\/div>\n\t<div class=\"form__line form__line--marg\">\n\t\t<p><label class=\"form__label form__label--2span\"><span> Warum m\u00f6chtest du Aupair werden? (Why would you like to be Aupair?)<br \/>\n<\/span><br \/>\n<span class=\"wpcf7-form-control-wrap\" data-name=\"WarummchtestduAupair\"><input size=\"40\" maxlength=\"400\" class=\"wpcf7-form-control wpcf7-text input\" aria-invalid=\"false\" placeholder=\"Why would you like to be Aupair?\" value=\"\" type=\"text\" name=\"WarummchtestduAupair\" \/><\/span><br \/>\n<\/label>\n\t\t<\/p>\n\t<\/div>\n<\/div>\n<p><button class=\"btn btn--gradient form__btn\" type=\"submit\"><span>Nachricht senden<\/span><\/button>\n<\/p><input type=\"hidden\" id=\"ct_checkjs_cf7_b9228e0962a78b84f3d5d92f4faa000b\" name=\"ct_checkjs_cf7\" value=\"0\" \/><script >setTimeout(function(){var ct_input_name = \"ct_checkjs_cf7_b9228e0962a78b84f3d5d92f4faa000b\";if (document.getElementById(ct_input_name) !== null) {var ct_input_value = document.getElementById(ct_input_name).value;document.getElementById(ct_input_name).value = document.getElementById(ct_input_name).value.replace(ct_input_value, '8afe840034cdca57472e067af937c4dcd63ef0f1bcb754166e63c195da3c0d77');}}, 1000);<\/script><input\n                    class=\"apbct_special_field apbct_email_id__wp_contact_form_7\"\n                    name=\"apbct__email_id__wp_contact_form_7\"\n                    aria-label=\"apbct__label_id__wp_contact_form_7\"\n                    type=\"text\" size=\"30\" maxlength=\"200\" autocomplete=\"off\"\n                    value=\"\"\n                \/><div class=\"wpcf7-response-output\" aria-hidden=\"true\"><\/div>\n<\/form>\n<\/div>\n\n","protected":false},"excerpt":{"rendered":"","protected":false},"author":2,"featured_media":91,"parent":1054,"menu_order":4,"comment_status":"closed","ping_status":"closed","template":"page-form.php","meta":{"footnotes":""},"class_list":["post-970","page","type-page","status-publish","has-post-thumbnail","hentry"],"yoast_head":"<!-- This site is optimized with the Yoast SEO plugin v27.0 - https:\/\/yoast.com\/product\/yoast-seo-wordpress\/ -->\n<title>\u0424\u043e\u0440\u043c\u0430 \u0437\u0430\u044f\u0432\u043a\u0438 - Childcare by Aupair<\/title>\n<meta name=\"robots\" content=\"index, follow, max-snippet:-1, max-image-preview:large, max-video-preview:-1\" \/>\n<link rel=\"canonical\" href=\"https:\/\/childcarebyaupair.com\/ru\/dlya-au-pair\/bewerbungsformular-ru\/\" \/>\n<meta property=\"og:locale\" content=\"ru_RU\" \/>\n<meta property=\"og:type\" content=\"article\" \/>\n<meta property=\"og:title\" content=\"\u0424\u043e\u0440\u043c\u0430 \u0437\u0430\u044f\u0432\u043a\u0438 - Childcare by Aupair\" \/>\n<meta property=\"og:url\" content=\"https:\/\/childcarebyaupair.com\/ru\/dlya-au-pair\/bewerbungsformular-ru\/\" \/>\n<meta property=\"og:site_name\" content=\"Childcare by Aupair\" \/>\n<meta property=\"article:modified_time\" content=\"2024-10-25T08:40:49+00:00\" \/>\n<meta property=\"og:image\" content=\"https:\/\/childcarebyaupair.com\/wp-content\/uploads\/2021\/06\/04-1.jpg\" \/>\n\t<meta property=\"og:image:width\" content=\"370\" \/>\n\t<meta property=\"og:image:height\" content=\"370\" \/>\n\t<meta property=\"og:image:type\" content=\"image\/jpeg\" \/>\n<meta name=\"twitter:card\" content=\"summary_large_image\" \/>\n<meta name=\"twitter:label1\" content=\"\u041f\u0440\u0438\u043c\u0435\u0440\u043d\u043e\u0435 \u0432\u0440\u0435\u043c\u044f \u0434\u043b\u044f \u0447\u0442\u0435\u043d\u0438\u044f\" \/>\n\t<meta name=\"twitter:data1\" content=\"1 \u043c\u0438\u043d\u0443\u0442\u0430\" \/>\n<script type=\"application\/ld+json\" class=\"yoast-schema-graph\">{\"@context\":\"https:\/\/schema.org\",\"@graph\":[{\"@type\":\"WebPage\",\"@id\":\"https:\/\/childcarebyaupair.com\/ru\/dlya-au-pair\/bewerbungsformular-ru\/\",\"url\":\"https:\/\/childcarebyaupair.com\/ru\/dlya-au-pair\/bewerbungsformular-ru\/\",\"name\":\"\u0424\u043e\u0440\u043c\u0430 \u0437\u0430\u044f\u0432\u043a\u0438 - Childcare by Aupair\",\"isPartOf\":{\"@id\":\"https:\/\/childcarebyaupair.com\/ru\/#website\"},\"primaryImageOfPage\":{\"@id\":\"https:\/\/childcarebyaupair.com\/ru\/dlya-au-pair\/bewerbungsformular-ru\/#primaryimage\"},\"image\":{\"@id\":\"https:\/\/childcarebyaupair.com\/ru\/dlya-au-pair\/bewerbungsformular-ru\/#primaryimage\"},\"thumbnailUrl\":\"https:\/\/childcarebyaupair.com\/wp-content\/uploads\/2021\/06\/04-1.jpg\",\"datePublished\":\"2021-07-14T16:38:55+00:00\",\"dateModified\":\"2024-10-25T08:40:49+00:00\",\"breadcrumb\":{\"@id\":\"https:\/\/childcarebyaupair.com\/ru\/dlya-au-pair\/bewerbungsformular-ru\/#breadcrumb\"},\"inLanguage\":\"ru-RU\",\"potentialAction\":[{\"@type\":\"ReadAction\",\"target\":[\"https:\/\/childcarebyaupair.com\/ru\/dlya-au-pair\/bewerbungsformular-ru\/\"]}]},{\"@type\":\"ImageObject\",\"inLanguage\":\"ru-RU\",\"@id\":\"https:\/\/childcarebyaupair.com\/ru\/dlya-au-pair\/bewerbungsformular-ru\/#primaryimage\",\"url\":\"https:\/\/childcarebyaupair.com\/wp-content\/uploads\/2021\/06\/04-1.jpg\",\"contentUrl\":\"https:\/\/childcarebyaupair.com\/wp-content\/uploads\/2021\/06\/04-1.jpg\",\"width\":370,\"height\":370},{\"@type\":\"BreadcrumbList\",\"@id\":\"https:\/\/childcarebyaupair.com\/ru\/dlya-au-pair\/bewerbungsformular-ru\/#breadcrumb\",\"itemListElement\":[{\"@type\":\"ListItem\",\"position\":1,\"name\":\"Hauptseite\",\"item\":\"https:\/\/childcarebyaupair.com\/ru\/\"},{\"@type\":\"ListItem\",\"position\":2,\"name\":\"\u0414\u043b\u044f Aupairs\",\"item\":\"https:\/\/childcarebyaupair.com\/ru\/fur-aupairs\/\"},{\"@type\":\"ListItem\",\"position\":3,\"name\":\"\u0424\u043e\u0440\u043c\u0430 \u0437\u0430\u044f\u0432\u043a\u0438\"}]},{\"@type\":\"WebSite\",\"@id\":\"https:\/\/childcarebyaupair.com\/ru\/#website\",\"url\":\"https:\/\/childcarebyaupair.com\/ru\/\",\"name\":\"Childcare by Aupair\",\"description\":\"\",\"potentialAction\":[{\"@type\":\"SearchAction\",\"target\":{\"@type\":\"EntryPoint\",\"urlTemplate\":\"https:\/\/childcarebyaupair.com\/ru\/?s={search_term_string}\"},\"query-input\":{\"@type\":\"PropertyValueSpecification\",\"valueRequired\":true,\"valueName\":\"search_term_string\"}}],\"inLanguage\":\"ru-RU\"}]}<\/script>\n<!-- \/ Yoast SEO plugin. -->","yoast_head_json":{"title":"\u0424\u043e\u0440\u043c\u0430 \u0437\u0430\u044f\u0432\u043a\u0438 - Childcare by Aupair","robots":{"index":"index","follow":"follow","max-snippet":"max-snippet:-1","max-image-preview":"max-image-preview:large","max-video-preview":"max-video-preview:-1"},"canonical":"https:\/\/childcarebyaupair.com\/ru\/dlya-au-pair\/bewerbungsformular-ru\/","og_locale":"ru_RU","og_type":"article","og_title":"\u0424\u043e\u0440\u043c\u0430 \u0437\u0430\u044f\u0432\u043a\u0438 - Childcare by Aupair","og_url":"https:\/\/childcarebyaupair.com\/ru\/dlya-au-pair\/bewerbungsformular-ru\/","og_site_name":"Childcare by Aupair","article_modified_time":"2024-10-25T08:40:49+00:00","og_image":[{"width":370,"height":370,"url":"https:\/\/childcarebyaupair.com\/wp-content\/uploads\/2021\/06\/04-1.jpg","type":"image\/jpeg"}],"twitter_card":"summary_large_image","twitter_misc":{"\u041f\u0440\u0438\u043c\u0435\u0440\u043d\u043e\u0435 \u0432\u0440\u0435\u043c\u044f \u0434\u043b\u044f \u0447\u0442\u0435\u043d\u0438\u044f":"1 \u043c\u0438\u043d\u0443\u0442\u0430"},"schema":{"@context":"https:\/\/schema.org","@graph":[{"@type":"WebPage","@id":"https:\/\/childcarebyaupair.com\/ru\/dlya-au-pair\/bewerbungsformular-ru\/","url":"https:\/\/childcarebyaupair.com\/ru\/dlya-au-pair\/bewerbungsformular-ru\/","name":"\u0424\u043e\u0440\u043c\u0430 \u0437\u0430\u044f\u0432\u043a\u0438 - Childcare by Aupair","isPartOf":{"@id":"https:\/\/childcarebyaupair.com\/ru\/#website"},"primaryImageOfPage":{"@id":"https:\/\/childcarebyaupair.com\/ru\/dlya-au-pair\/bewerbungsformular-ru\/#primaryimage"},"image":{"@id":"https:\/\/childcarebyaupair.com\/ru\/dlya-au-pair\/bewerbungsformular-ru\/#primaryimage"},"thumbnailUrl":"https:\/\/childcarebyaupair.com\/wp-content\/uploads\/2021\/06\/04-1.jpg","datePublished":"2021-07-14T16:38:55+00:00","dateModified":"2024-10-25T08:40:49+00:00","breadcrumb":{"@id":"https:\/\/childcarebyaupair.com\/ru\/dlya-au-pair\/bewerbungsformular-ru\/#breadcrumb"},"inLanguage":"ru-RU","potentialAction":[{"@type":"ReadAction","target":["https:\/\/childcarebyaupair.com\/ru\/dlya-au-pair\/bewerbungsformular-ru\/"]}]},{"@type":"ImageObject","inLanguage":"ru-RU","@id":"https:\/\/childcarebyaupair.com\/ru\/dlya-au-pair\/bewerbungsformular-ru\/#primaryimage","url":"https:\/\/childcarebyaupair.com\/wp-content\/uploads\/2021\/06\/04-1.jpg","contentUrl":"https:\/\/childcarebyaupair.com\/wp-content\/uploads\/2021\/06\/04-1.jpg","width":370,"height":370},{"@type":"BreadcrumbList","@id":"https:\/\/childcarebyaupair.com\/ru\/dlya-au-pair\/bewerbungsformular-ru\/#breadcrumb","itemListElement":[{"@type":"ListItem","position":1,"name":"Hauptseite","item":"https:\/\/childcarebyaupair.com\/ru\/"},{"@type":"ListItem","position":2,"name":"\u0414\u043b\u044f Aupairs","item":"https:\/\/childcarebyaupair.com\/ru\/fur-aupairs\/"},{"@type":"ListItem","position":3,"name":"\u0424\u043e\u0440\u043c\u0430 \u0437\u0430\u044f\u0432\u043a\u0438"}]},{"@type":"WebSite","@id":"https:\/\/childcarebyaupair.com\/ru\/#website","url":"https:\/\/childcarebyaupair.com\/ru\/","name":"Childcare by Aupair","description":"","potentialAction":[{"@type":"SearchAction","target":{"@type":"EntryPoint","urlTemplate":"https:\/\/childcarebyaupair.com\/ru\/?s={search_term_string}"},"query-input":{"@type":"PropertyValueSpecification","valueRequired":true,"valueName":"search_term_string"}}],"inLanguage":"ru-RU"}]}},"_links":{"self":[{"href":"https:\/\/childcarebyaupair.com\/ru\/wp-json\/wp\/v2\/pages\/970","targetHints":{"allow":["GET"]}}],"collection":[{"href":"https:\/\/childcarebyaupair.com\/ru\/wp-json\/wp\/v2\/pages"}],"about":[{"href":"https:\/\/childcarebyaupair.com\/ru\/wp-json\/wp\/v2\/types\/page"}],"author":[{"embeddable":true,"href":"https:\/\/childcarebyaupair.com\/ru\/wp-json\/wp\/v2\/users\/2"}],"replies":[{"embeddable":true,"href":"https:\/\/childcarebyaupair.com\/ru\/wp-json\/wp\/v2\/comments?post=970"}],"version-history":[{"count":5,"href":"https:\/\/childcarebyaupair.com\/ru\/wp-json\/wp\/v2\/pages\/970\/revisions"}],"predecessor-version":[{"id":2357,"href":"https:\/\/childcarebyaupair.com\/ru\/wp-json\/wp\/v2\/pages\/970\/revisions\/2357"}],"up":[{"embeddable":true,"href":"https:\/\/childcarebyaupair.com\/ru\/wp-json\/wp\/v2\/pages\/1054"}],"wp:featuredmedia":[{"embeddable":true,"href":"https:\/\/childcarebyaupair.com\/ru\/wp-json\/wp\/v2\/media\/91"}],"wp:attachment":[{"href":"https:\/\/childcarebyaupair.com\/ru\/wp-json\/wp\/v2\/media?parent=970"}],"curies":[{"name":"wp","href":"https:\/\/api.w.org\/{rel}","templated":true}]}}