{"id":998,"date":"2021-07-14T19:57:02","date_gmt":"2021-07-14T16:57:02","guid":{"rendered":"https:\/\/childcarebyaupair.com\/?page_id=998"},"modified":"2024-10-19T12:35:17","modified_gmt":"2024-10-19T09:35:17","slug":"haftungsausschluss-ru","status":"publish","type":"page","link":"https:\/\/childcarebyaupair.com\/ru\/haftungsausschluss-ru\/","title":{"rendered":"Haftungsausschluss"},"content":{"rendered":"\n<p><strong>Haftungsausschluss<\/strong><\/p>\n\n\n\n<p>1. Die VermittlerIn leistet f\u00fcr die Richtigkeit oder \u00dcberpr\u00fcfung der von der zuk\u00fcnftigen Aupair-Kraft zur Verf\u00fcgung gestellten schriftlichen Informationen keine Gew\u00e4hr.<\/p>\n\n\n\n<p>2. Die VermittlerIn haftet nicht f\u00fcr Sch\u00e4den, die die Aupair-Kraft der Gastfamilie oder<\/p>\n\n\n\n<p>Dritten etwa durch Krankheit verursacht.<\/p>\n\n\n\n<p>3. Die VermittlerIn haftet nicht f\u00fcr Nachteile, die durch pl\u00f6tzliche Absage der Aupair-<\/p>\n\n\n\n<p>Kraft beispielsweise durch Ablehnung des Visums, oder f\u00fcr Aufwendungen f\u00fcr eine Ersatzkraft entstehen.<\/p>\n\n\n\n<p>4. Eine Haftung der Vermittlerin kommt nur bei grober Fahrl\u00e4ssigkeit oder Vorsatz in Betracht.<\/p>\n","protected":false},"excerpt":{"rendered":"<p>Haftungsausschluss 1. Die VermittlerIn leistet f\u00fcr die Richtigkeit oder \u00dcberpr\u00fcfung der von der zuk\u00fcnftigen Aupair-Kraft zur Verf\u00fcgung gestellten schriftlichen Informationen keine Gew\u00e4hr. 2. Die VermittlerIn haftet nicht f\u00fcr Sch\u00e4den, die die Aupair-Kraft der Gastfamilie oder Dritten etwa durch Krankheit verursacht. 3. Die VermittlerIn haftet nicht f\u00fcr Nachteile, die durch pl\u00f6tzliche Absage der Aupair- Kraft beispielsweise [&hellip;]<\/p>\n","protected":false},"author":2,"featured_media":1945,"parent":0,"menu_order":0,"comment_status":"closed","ping_status":"closed","template":"","meta":{"footnotes":""},"class_list":["post-998","page","type-page","status-publish","has-post-thumbnail","hentry"],"yoast_head":"<!-- This site is optimized with the Yoast SEO plugin v27.0 - https:\/\/yoast.com\/product\/yoast-seo-wordpress\/ -->\n<title>Haftungsausschluss - Childcare by Aupair<\/title>\n<meta name=\"robots\" content=\"index, follow, max-snippet:-1, max-image-preview:large, max-video-preview:-1\" \/>\n<link rel=\"canonical\" href=\"https:\/\/childcarebyaupair.com\/ru\/haftungsausschluss-ru\/\" \/>\n<meta property=\"og:locale\" content=\"ru_RU\" \/>\n<meta property=\"og:type\" content=\"article\" \/>\n<meta property=\"og:title\" content=\"Haftungsausschluss - Childcare by Aupair\" \/>\n<meta property=\"og:description\" content=\"Haftungsausschluss 1. Die VermittlerIn leistet f\u00fcr die Richtigkeit oder \u00dcberpr\u00fcfung der von der zuk\u00fcnftigen Aupair-Kraft zur Verf\u00fcgung gestellten schriftlichen Informationen keine Gew\u00e4hr. 2. Die VermittlerIn haftet nicht f\u00fcr Sch\u00e4den, die die Aupair-Kraft der Gastfamilie oder Dritten etwa durch Krankheit verursacht. 3. Die VermittlerIn haftet nicht f\u00fcr Nachteile, die durch pl\u00f6tzliche Absage der Aupair- Kraft beispielsweise [&hellip;]\" \/>\n<meta property=\"og:url\" content=\"https:\/\/childcarebyaupair.com\/ru\/haftungsausschluss-ru\/\" \/>\n<meta property=\"og:site_name\" content=\"Childcare by Aupair\" \/>\n<meta property=\"article:modified_time\" content=\"2024-10-19T09:35:17+00:00\" \/>\n<meta property=\"og:image\" content=\"https:\/\/childcarebyaupair.com\/wp-content\/uploads\/2021\/08\/1108958093-2.jpg\" \/>\n\t<meta property=\"og:image:width\" content=\"2500\" \/>\n\t<meta property=\"og:image:height\" content=\"1667\" \/>\n\t<meta property=\"og:image:type\" content=\"image\/jpeg\" \/>\n<meta name=\"twitter:card\" content=\"summary_large_image\" \/>\n<meta name=\"twitter:label1\" content=\"\u041f\u0440\u0438\u043c\u0435\u0440\u043d\u043e\u0435 \u0432\u0440\u0435\u043c\u044f \u0434\u043b\u044f \u0447\u0442\u0435\u043d\u0438\u044f\" \/>\n\t<meta name=\"twitter:data1\" content=\"3 \u043c\u0438\u043d\u0443\u0442\u044b\" \/>\n<script type=\"application\/ld+json\" class=\"yoast-schema-graph\">{\"@context\":\"https:\/\/schema.org\",\"@graph\":[{\"@type\":\"WebPage\",\"@id\":\"https:\/\/childcarebyaupair.com\/ru\/haftungsausschluss-ru\/\",\"url\":\"https:\/\/childcarebyaupair.com\/ru\/haftungsausschluss-ru\/\",\"name\":\"Haftungsausschluss - Childcare by Aupair\",\"isPartOf\":{\"@id\":\"https:\/\/childcarebyaupair.com\/ru\/#website\"},\"primaryImageOfPage\":{\"@id\":\"https:\/\/childcarebyaupair.com\/ru\/haftungsausschluss-ru\/#primaryimage\"},\"image\":{\"@id\":\"https:\/\/childcarebyaupair.com\/ru\/haftungsausschluss-ru\/#primaryimage\"},\"thumbnailUrl\":\"https:\/\/childcarebyaupair.com\/wp-content\/uploads\/2021\/08\/1108958093-2.jpg\",\"datePublished\":\"2021-07-14T16:57:02+00:00\",\"dateModified\":\"2024-10-19T09:35:17+00:00\",\"breadcrumb\":{\"@id\":\"https:\/\/childcarebyaupair.com\/ru\/haftungsausschluss-ru\/#breadcrumb\"},\"inLanguage\":\"ru-RU\",\"potentialAction\":[{\"@type\":\"ReadAction\",\"target\":[\"https:\/\/childcarebyaupair.com\/ru\/haftungsausschluss-ru\/\"]}]},{\"@type\":\"ImageObject\",\"inLanguage\":\"ru-RU\",\"@id\":\"https:\/\/childcarebyaupair.com\/ru\/haftungsausschluss-ru\/#primaryimage\",\"url\":\"https:\/\/childcarebyaupair.com\/wp-content\/uploads\/2021\/08\/1108958093-2.jpg\",\"contentUrl\":\"https:\/\/childcarebyaupair.com\/wp-content\/uploads\/2021\/08\/1108958093-2.jpg\",\"width\":2500,\"height\":1667},{\"@type\":\"BreadcrumbList\",\"@id\":\"https:\/\/childcarebyaupair.com\/ru\/haftungsausschluss-ru\/#breadcrumb\",\"itemListElement\":[{\"@type\":\"ListItem\",\"position\":1,\"name\":\"Hauptseite\",\"item\":\"https:\/\/childcarebyaupair.com\/ru\/\"},{\"@type\":\"ListItem\",\"position\":2,\"name\":\"Haftungsausschluss\"}]},{\"@type\":\"WebSite\",\"@id\":\"https:\/\/childcarebyaupair.com\/ru\/#website\",\"url\":\"https:\/\/childcarebyaupair.com\/ru\/\",\"name\":\"Childcare by Aupair\",\"description\":\"\",\"potentialAction\":[{\"@type\":\"SearchAction\",\"target\":{\"@type\":\"EntryPoint\",\"urlTemplate\":\"https:\/\/childcarebyaupair.com\/ru\/?s={search_term_string}\"},\"query-input\":{\"@type\":\"PropertyValueSpecification\",\"valueRequired\":true,\"valueName\":\"search_term_string\"}}],\"inLanguage\":\"ru-RU\"}]}<\/script>\n<!-- \/ Yoast SEO plugin. -->","yoast_head_json":{"title":"Haftungsausschluss - Childcare by Aupair","robots":{"index":"index","follow":"follow","max-snippet":"max-snippet:-1","max-image-preview":"max-image-preview:large","max-video-preview":"max-video-preview:-1"},"canonical":"https:\/\/childcarebyaupair.com\/ru\/haftungsausschluss-ru\/","og_locale":"ru_RU","og_type":"article","og_title":"Haftungsausschluss - Childcare by Aupair","og_description":"Haftungsausschluss 1. Die VermittlerIn leistet f\u00fcr die Richtigkeit oder \u00dcberpr\u00fcfung der von der zuk\u00fcnftigen Aupair-Kraft zur Verf\u00fcgung gestellten schriftlichen Informationen keine Gew\u00e4hr. 2. Die VermittlerIn haftet nicht f\u00fcr Sch\u00e4den, die die Aupair-Kraft der Gastfamilie oder Dritten etwa durch Krankheit verursacht. 3. Die VermittlerIn haftet nicht f\u00fcr Nachteile, die durch pl\u00f6tzliche Absage der Aupair- Kraft beispielsweise [&hellip;]","og_url":"https:\/\/childcarebyaupair.com\/ru\/haftungsausschluss-ru\/","og_site_name":"Childcare by Aupair","article_modified_time":"2024-10-19T09:35:17+00:00","og_image":[{"width":2500,"height":1667,"url":"https:\/\/childcarebyaupair.com\/wp-content\/uploads\/2021\/08\/1108958093-2.jpg","type":"image\/jpeg"}],"twitter_card":"summary_large_image","twitter_misc":{"\u041f\u0440\u0438\u043c\u0435\u0440\u043d\u043e\u0435 \u0432\u0440\u0435\u043c\u044f \u0434\u043b\u044f \u0447\u0442\u0435\u043d\u0438\u044f":"3 \u043c\u0438\u043d\u0443\u0442\u044b"},"schema":{"@context":"https:\/\/schema.org","@graph":[{"@type":"WebPage","@id":"https:\/\/childcarebyaupair.com\/ru\/haftungsausschluss-ru\/","url":"https:\/\/childcarebyaupair.com\/ru\/haftungsausschluss-ru\/","name":"Haftungsausschluss - Childcare by Aupair","isPartOf":{"@id":"https:\/\/childcarebyaupair.com\/ru\/#website"},"primaryImageOfPage":{"@id":"https:\/\/childcarebyaupair.com\/ru\/haftungsausschluss-ru\/#primaryimage"},"image":{"@id":"https:\/\/childcarebyaupair.com\/ru\/haftungsausschluss-ru\/#primaryimage"},"thumbnailUrl":"https:\/\/childcarebyaupair.com\/wp-content\/uploads\/2021\/08\/1108958093-2.jpg","datePublished":"2021-07-14T16:57:02+00:00","dateModified":"2024-10-19T09:35:17+00:00","breadcrumb":{"@id":"https:\/\/childcarebyaupair.com\/ru\/haftungsausschluss-ru\/#breadcrumb"},"inLanguage":"ru-RU","potentialAction":[{"@type":"ReadAction","target":["https:\/\/childcarebyaupair.com\/ru\/haftungsausschluss-ru\/"]}]},{"@type":"ImageObject","inLanguage":"ru-RU","@id":"https:\/\/childcarebyaupair.com\/ru\/haftungsausschluss-ru\/#primaryimage","url":"https:\/\/childcarebyaupair.com\/wp-content\/uploads\/2021\/08\/1108958093-2.jpg","contentUrl":"https:\/\/childcarebyaupair.com\/wp-content\/uploads\/2021\/08\/1108958093-2.jpg","width":2500,"height":1667},{"@type":"BreadcrumbList","@id":"https:\/\/childcarebyaupair.com\/ru\/haftungsausschluss-ru\/#breadcrumb","itemListElement":[{"@type":"ListItem","position":1,"name":"Hauptseite","item":"https:\/\/childcarebyaupair.com\/ru\/"},{"@type":"ListItem","position":2,"name":"Haftungsausschluss"}]},{"@type":"WebSite","@id":"https:\/\/childcarebyaupair.com\/ru\/#website","url":"https:\/\/childcarebyaupair.com\/ru\/","name":"Childcare by Aupair","description":"","potentialAction":[{"@type":"SearchAction","target":{"@type":"EntryPoint","urlTemplate":"https:\/\/childcarebyaupair.com\/ru\/?s={search_term_string}"},"query-input":{"@type":"PropertyValueSpecification","valueRequired":true,"valueName":"search_term_string"}}],"inLanguage":"ru-RU"}]}},"_links":{"self":[{"href":"https:\/\/childcarebyaupair.com\/ru\/wp-json\/wp\/v2\/pages\/998","targetHints":{"allow":["GET"]}}],"collection":[{"href":"https:\/\/childcarebyaupair.com\/ru\/wp-json\/wp\/v2\/pages"}],"about":[{"href":"https:\/\/childcarebyaupair.com\/ru\/wp-json\/wp\/v2\/types\/page"}],"author":[{"embeddable":true,"href":"https:\/\/childcarebyaupair.com\/ru\/wp-json\/wp\/v2\/users\/2"}],"replies":[{"embeddable":true,"href":"https:\/\/childcarebyaupair.com\/ru\/wp-json\/wp\/v2\/comments?post=998"}],"version-history":[{"count":6,"href":"https:\/\/childcarebyaupair.com\/ru\/wp-json\/wp\/v2\/pages\/998\/revisions"}],"predecessor-version":[{"id":2345,"href":"https:\/\/childcarebyaupair.com\/ru\/wp-json\/wp\/v2\/pages\/998\/revisions\/2345"}],"wp:featuredmedia":[{"embeddable":true,"href":"https:\/\/childcarebyaupair.com\/ru\/wp-json\/wp\/v2\/media\/1945"}],"wp:attachment":[{"href":"https:\/\/childcarebyaupair.com\/ru\/wp-json\/wp\/v2\/media?parent=998"}],"curies":[{"name":"wp","href":"https:\/\/api.w.org\/{rel}","templated":true}]}}